{"id":4240,"date":"2024-07-20T10:06:52","date_gmt":"2024-07-20T08:06:52","guid":{"rendered":"https:\/\/hydrolyca.com\/?page_id=4240"},"modified":"2025-12-19T07:45:16","modified_gmt":"2025-12-19T06:45:16","slug":"nosotros","status":"publish","type":"page","link":"https:\/\/hydrolyca.com\/en\/nosotros\/","title":{"rendered":"About"},"content":{"rendered":"<div data-elementor-type=\"wp-page\" data-elementor-id=\"4240\" class=\"elementor elementor-4240\">\n\t\t\t\t<div class=\"elementor-element elementor-element-0144285 animated-fast e-flex e-con-boxed elementor-invisible e-con e-parent\" data-id=\"0144285\" data-element_type=\"container\" data-settings=\"{&quot;animation&quot;:&quot;h-neuron-animation--slideUp&quot;}\">\n\t\t\t\t\t<div class=\"e-con-inner\">\n\t\t\t\t<div class=\"elementor-element elementor-element-9b8b90d elementor-widget elementor-widget-neuron-breadcrumbs\" data-id=\"9b8b90d\" data-element_type=\"widget\" data-widget_type=\"neuron-breadcrumbs.default\">\n\t\t\t\t<div class=\"elementor-widget-container\">\n\t\t\t\r\n\t\t\t<div class=\"m-neuron-breadcrumbs\" aria-label=\"You are here:\">\r\n\t\t\t\t<span class=\"m-neuron-breadcrumbs__item\"><a href=\"https:\/\/hydrolyca.com\/en\/\">Home<\/a><\/span> <span class=\"m-neuron-breadcrumbs__separator\"> <\/span> <span class=\"m-neuron-breadcrumbs__item\" aria-current=\"page\">About<\/span>\t\t\t<\/div>\r\n\r\n\t\t   \t\t<\/div>\n\t\t\t\t<\/div>\n\t\t<div class=\"elementor-element elementor-element-46969a2 animated-fast e-con-full e-flex elementor-invisible e-con e-child\" data-id=\"46969a2\" data-element_type=\"container\" data-settings=\"{&quot;animation&quot;:&quot;h-neuron-animation--slideUp&quot;}\">\n\t\t<div class=\"elementor-element elementor-element-4127f22 e-con-full e-flex e-con e-child\" data-id=\"4127f22\" data-element_type=\"container\">\n\t\t\t\t<div class=\"elementor-element elementor-element-e0397e3 elementor-widget elementor-widget-heading\" data-id=\"e0397e3\" data-element_type=\"widget\" data-widget_type=\"heading.default\">\n\t\t\t\t<div class=\"elementor-widget-container\">\n\t\t\t<style>\/*! elementor - v3.23.0 - 05-08-2024 *\/\n.elementor-heading-title{padding:0;margin:0;line-height:1}.elementor-widget-heading .elementor-heading-title[class*=elementor-size-]>a{color:inherit;font-size:inherit;line-height:inherit}.elementor-widget-heading .elementor-heading-title.elementor-size-small{font-size:15px}.elementor-widget-heading .elementor-heading-title.elementor-size-medium{font-size:19px}.elementor-widget-heading .elementor-heading-title.elementor-size-large{font-size:29px}.elementor-widget-heading .elementor-heading-title.elementor-size-xl{font-size:39px}.elementor-widget-heading .elementor-heading-title.elementor-size-xxl{font-size:59px}<\/style><h5 class=\"elementor-heading-title elementor-size-default translation-block\"><span style=\"color:#07a779\"><strong>Hydrolyca<\/strong><\/span>: The New Era of Green Hydrogen<\/h5>\t\t<\/div>\n\t\t\t\t<\/div>\n\t\t\t\t<div class=\"elementor-element elementor-element-8a87fa4 elementor-widget elementor-widget-text-editor\" data-id=\"8a87fa4\" data-element_type=\"widget\" data-widget_type=\"text-editor.default\">\n\t\t\t\t<div class=\"elementor-widget-container\">\n\t\t\t<style>\/*! elementor - v3.23.0 - 05-08-2024 *\/\n.elementor-widget-text-editor.elementor-drop-cap-view-stacked .elementor-drop-cap{background-color:#69727d;color:#fff}.elementor-widget-text-editor.elementor-drop-cap-view-framed .elementor-drop-cap{color:#69727d;border:3px solid;background-color:transparent}.elementor-widget-text-editor:not(.elementor-drop-cap-view-default) .elementor-drop-cap{margin-top:8px}.elementor-widget-text-editor:not(.elementor-drop-cap-view-default) .elementor-drop-cap-letter{width:1em;height:1em}.elementor-widget-text-editor .elementor-drop-cap{float:left;text-align:center;line-height:1;font-size:50px}.elementor-widget-text-editor .elementor-drop-cap-letter{display:inline-block}<\/style>\t\t\t\t<p>Thomas Edison did not invent the light bulb, but he revolutionized lighting and changed the world by perfecting Warren de la Rue's design. In the process, he created one of the largest companies of all time: General Electric.<\/p>\t\t\t\t\t\t<\/div>\n\t\t\t\t<\/div>\n\t\t\t\t<div class=\"elementor-element elementor-element-b7af08c elementor-widget elementor-widget-text-editor\" data-id=\"b7af08c\" data-element_type=\"widget\" data-widget_type=\"text-editor.default\">\n\t\t\t\t<div class=\"elementor-widget-container\">\n\t\t\t\t\t\t\t<p class=\" translation-block\">Like Edison, <strong>Hydrolyca\u2019s<\/strong> scientists, leveraging decades of experience in the development of radiation-resistant materials for nuclear reactors, are revolutionizing green hydrogen production by addressing the limitations of previous attempts of thermochemical water splitting cycles. This breakthrough technology also surpasses current and uneconomical electrolysis-based methods.<\/p>\t\t\t\t\t\t<\/div>\n\t\t\t\t<\/div>\n\t\t\t\t<div class=\"elementor-element elementor-element-1528ef9 elementor-widget elementor-widget-text-editor\" data-id=\"1528ef9\" data-element_type=\"widget\" data-widget_type=\"text-editor.default\">\n\t\t\t\t<div class=\"elementor-widget-container\">\n\t\t\t\t\t\t\t<p class=\" translation-block\">In short, <strong>Hydrolyca's<\/strong> patented technology ushers in a new era where, at last, affordable green hydrogen can replace fossil fuels in industry and transportation, promoting planetary decarbonization.<\/p>\t\t\t\t\t\t<\/div>\n\t\t\t\t<\/div>\n\t\t\t\t<\/div>\n\t\t<div class=\"elementor-element elementor-element-f0e699e e-con-full e-flex e-con e-child\" data-id=\"f0e699e\" data-element_type=\"container\" data-settings=\"{&quot;background_background&quot;:&quot;classic&quot;}\">\n\t\t\t\t<div class=\"elementor-element elementor-element-fc30d3e elementor-widget elementor-widget-image\" data-id=\"fc30d3e\" data-element_type=\"widget\" data-widget_type=\"image.default\">\n\t\t\t\t<div class=\"elementor-widget-container\">\n\t\t\t<style>\/*! elementor - v3.23.0 - 05-08-2024 *\/\n.elementor-widget-image{text-align:center}.elementor-widget-image a{display:inline-block}.elementor-widget-image a img[src$=\".svg\"]{width:48px}.elementor-widget-image img{vertical-align:middle;display:inline-block}<\/style>\t\t\t\t\t\t\t\t\t\t<img fetchpriority=\"high\" decoding=\"async\" width=\"1024\" height=\"980\" src=\"https:\/\/hydrolyca.com\/wp-content\/uploads\/2024\/07\/hydrolycaWeb-about01-1024x980.png\" class=\"attachment-large size-large wp-image-4044\" alt=\"\" srcset=\"https:\/\/hydrolyca.com\/wp-content\/uploads\/2024\/07\/hydrolycaWeb-about01-1024x980.png 1024w, https:\/\/hydrolyca.com\/wp-content\/uploads\/2024\/07\/hydrolycaWeb-about01-300x287.png 300w, https:\/\/hydrolyca.com\/wp-content\/uploads\/2024\/07\/hydrolycaWeb-about01-768x735.png 768w, https:\/\/hydrolyca.com\/wp-content\/uploads\/2024\/07\/hydrolycaWeb-about01.png 1200w\" sizes=\"(max-width: 1024px) 100vw, 1024px\" \/>\t\t\t\t\t\t\t\t\t\t\t\t\t<\/div>\n\t\t\t\t<\/div>\n\t\t\t\t<\/div>\n\t\t\t\t<\/div>\n\t\t\t\t\t<\/div>\n\t\t\t\t<\/div>\n\t\t<div class=\"elementor-element elementor-element-fcab0d3 e-con-full animated-fast e-flex elementor-invisible e-con e-parent\" data-id=\"fcab0d3\" data-element_type=\"container\" data-settings=\"{&quot;background_background&quot;:&quot;classic&quot;,&quot;animation&quot;:&quot;h-neuron-animation--slideUp&quot;}\">\n\t\t\t\t<div class=\"elementor-element elementor-element-c35dc3e elementor-widget elementor-widget-menu-anchor\" data-id=\"c35dc3e\" data-element_type=\"widget\" data-widget_type=\"menu-anchor.default\">\n\t\t\t\t<div class=\"elementor-widget-container\">\n\t\t\t<style>\/*! elementor - v3.23.0 - 05-08-2024 *\/\nbody.elementor-page .elementor-widget-menu-anchor{margin-bottom:0}<\/style>\t\t<div class=\"elementor-menu-anchor\" id=\"hitos\"><\/div>\n\t\t\t\t<\/div>\n\t\t\t\t<\/div>\n\t\t<div class=\"elementor-element elementor-element-ac9997f e-flex e-con-boxed e-con e-child\" data-id=\"ac9997f\" data-element_type=\"container\" data-settings=\"{&quot;background_background&quot;:&quot;classic&quot;}\">\n\t\t\t\t\t<div class=\"e-con-inner\">\n\t\t\t\t<div class=\"elementor-element elementor-element-1e4536e elementor-widget-tablet__width-initial elementor-widget elementor-widget-heading\" data-id=\"1e4536e\" data-element_type=\"widget\" data-widget_type=\"heading.default\">\n\t\t\t\t<div class=\"elementor-widget-container\">\n\t\t\t<h5 class=\"elementor-heading-title elementor-size-default\">Milestones<\/h5>\t\t<\/div>\n\t\t\t\t<\/div>\n\t\t\t\t<div class=\"elementor-element elementor-element-6e41008 elementor-widget elementor-widget-image\" data-id=\"6e41008\" data-element_type=\"widget\" data-widget_type=\"image.default\">\n\t\t\t\t<div class=\"elementor-widget-container\">\n\t\t\t\t\t\t\t\t\t\t\t\t\t<img decoding=\"async\" width=\"1800\" height=\"566\" src=\"https:\/\/hydrolyca.com\/wp-content\/uploads\/2025\/12\/Hydrolyca-Timeline-Desktop-English.png\" class=\"attachment-full size-full wp-image-6438\" alt=\"\" srcset=\"https:\/\/hydrolyca.com\/wp-content\/uploads\/2025\/12\/Hydrolyca-Timeline-Desktop-English.png 1800w, https:\/\/hydrolyca.com\/wp-content\/uploads\/2025\/12\/Hydrolyca-Timeline-Desktop-English-300x94.png 300w, https:\/\/hydrolyca.com\/wp-content\/uploads\/2025\/12\/Hydrolyca-Timeline-Desktop-English-1024x322.png 1024w, https:\/\/hydrolyca.com\/wp-content\/uploads\/2025\/12\/Hydrolyca-Timeline-Desktop-English-768x241.png 768w, https:\/\/hydrolyca.com\/wp-content\/uploads\/2025\/12\/Hydrolyca-Timeline-Desktop-English-1536x483.png 1536w, https:\/\/hydrolyca.com\/wp-content\/uploads\/2025\/12\/Hydrolyca-Timeline-Desktop-English-18x6.png 18w\" sizes=\"(max-width: 1800px) 100vw, 1800px\" \/>\t\t\t\t\t\t\t\t\t\t\t\t\t<\/div>\n\t\t\t\t<\/div>\n\t\t\t\t\t<\/div>\n\t\t\t\t<\/div>\n\t\t\t\t<\/div>\n\t\t<div class=\"elementor-element elementor-element-6ffb811 e-flex e-con-boxed e-con e-parent\" data-id=\"6ffb811\" data-element_type=\"container\">\n\t\t\t\t\t<div class=\"e-con-inner\">\n\t\t\t\t<div class=\"elementor-element elementor-element-c8086cc elementor-widget elementor-widget-menu-anchor\" data-id=\"c8086cc\" data-element_type=\"widget\" data-widget_type=\"menu-anchor.default\">\n\t\t\t\t<div class=\"elementor-widget-container\">\n\t\t\t\t\t<div class=\"elementor-menu-anchor\" id=\"equipo\"><\/div>\n\t\t\t\t<\/div>\n\t\t\t\t<\/div>\n\t\t\t\t<div class=\"elementor-element elementor-element-d1eb346 elementor-widget-tablet__width-initial elementor-widget__width-initial elementor-widget elementor-widget-heading\" data-id=\"d1eb346\" data-element_type=\"widget\" data-widget_type=\"heading.default\">\n\t\t\t\t<div class=\"elementor-widget-container\">\n\t\t\t<h5 class=\"elementor-heading-title elementor-size-default\">Team<\/h5>\t\t<\/div>\n\t\t\t\t<\/div>\n\t\t\t\t\t<\/div>\n\t\t\t\t<\/div>\n\t\t<div class=\"elementor-element elementor-element-4a07e6b e-con-full animated-fast e-flex elementor-invisible e-con e-parent\" data-id=\"4a07e6b\" data-element_type=\"container\" data-settings=\"{&quot;animation&quot;:&quot;h-neuron-animation--slideUp&quot;}\">\n\t\t<div class=\"elementor-element elementor-element-e9dab5b e-con-full e-flex e-con e-child\" data-id=\"e9dab5b\" data-element_type=\"container\">\n\t\t\t\t<div class=\"elementor-element elementor-element-561db9d elementor-widget elementor-widget-image\" data-id=\"561db9d\" data-element_type=\"widget\" data-widget_type=\"image.default\">\n\t\t\t\t<div class=\"elementor-widget-container\">\n\t\t\t\t\t\t\t\t\t\t\t\t\t<img decoding=\"async\" width=\"600\" height=\"600\" src=\"https:\/\/hydrolyca.com\/wp-content\/uploads\/2024\/07\/TeamWork_aRivera.png\" class=\"attachment-large size-large wp-image-4208\" alt=\"\" srcset=\"https:\/\/hydrolyca.com\/wp-content\/uploads\/2024\/07\/TeamWork_aRivera.png 600w, https:\/\/hydrolyca.com\/wp-content\/uploads\/2024\/07\/TeamWork_aRivera-300x300.png 300w, https:\/\/hydrolyca.com\/wp-content\/uploads\/2024\/07\/TeamWork_aRivera-150x150.png 150w\" sizes=\"(max-width: 600px) 100vw, 600px\" \/>\t\t\t\t\t\t\t\t\t\t\t\t\t<\/div>\n\t\t\t\t<\/div>\n\t\t\t\t<\/div>\n\t\t<div class=\"elementor-element elementor-element-2c81f67 e-con-full e-flex e-con e-child\" data-id=\"2c81f67\" data-element_type=\"container\">\n\t\t\t\t<div class=\"elementor-element elementor-element-7334737 elementor-widget__width-initial elementor-widget elementor-widget-text-editor\" data-id=\"7334737\" data-element_type=\"widget\" data-widget_type=\"text-editor.default\">\n\t\t\t\t<div class=\"elementor-widget-container\">\n\t\t\t\t\t\t\t<h6><strong>Antonio Rivera<\/strong><\/h6><p>CO-FOUNDER &amp; CEO\/CTO<\/p><p class=\" translation-block\">Antonio holds a PhD in Applied Physics from TU Delft (The Netherlands). Since then, his main research interests have focused on hydrogen, gas detection, gas interaction with materials, and energy at Universidad Polit\u00e9cnica de Madrid. He has <a href=\"https:\/\/scholar.google.es\/citations?user=IUXWKrEAAAAJ&amp;hl=es\" target=\"_self\"><u>authored over 80 publications with more than 2300 citations<\/u><\/a>, leading to an h-index of 25. Currently, he is fully dedicated to developing new methods for green hydrogen production and is excited about their potential to positively impact the world.<\/p>\t\t\t\t\t\t<\/div>\n\t\t\t\t<\/div>\n\t\t\t\t<\/div>\n\t\t\t\t<\/div>\n\t\t<div class=\"elementor-element elementor-element-7126c2d e-con-full animated-fast e-flex elementor-invisible e-con e-parent\" data-id=\"7126c2d\" data-element_type=\"container\" data-settings=\"{&quot;animation&quot;:&quot;h-neuron-animation--slideUp&quot;}\">\n\t\t<div class=\"elementor-element elementor-element-b0707fa e-con-full e-flex e-con e-child\" data-id=\"b0707fa\" data-element_type=\"container\">\n\t\t\t\t<div class=\"elementor-element elementor-element-d81e0f7 elementor-widget elementor-widget-image\" data-id=\"d81e0f7\" data-element_type=\"widget\" data-widget_type=\"image.default\">\n\t\t\t\t<div class=\"elementor-widget-container\">\n\t\t\t\t\t\t\t\t\t\t\t\t\t<img loading=\"lazy\" decoding=\"async\" width=\"600\" height=\"600\" src=\"https:\/\/hydrolyca.com\/wp-content\/uploads\/2024\/07\/TeamWork_oPena.png\" class=\"attachment-large size-large wp-image-4379\" alt=\"\" srcset=\"https:\/\/hydrolyca.com\/wp-content\/uploads\/2024\/07\/TeamWork_oPena.png 600w, https:\/\/hydrolyca.com\/wp-content\/uploads\/2024\/07\/TeamWork_oPena-300x300.png 300w, https:\/\/hydrolyca.com\/wp-content\/uploads\/2024\/07\/TeamWork_oPena-150x150.png 150w\" sizes=\"(max-width: 600px) 100vw, 600px\" \/>\t\t\t\t\t\t\t\t\t\t\t\t\t<\/div>\n\t\t\t\t<\/div>\n\t\t\t\t<\/div>\n\t\t<div class=\"elementor-element elementor-element-ded89ee e-con-full e-flex e-con e-child\" data-id=\"ded89ee\" data-element_type=\"container\">\n\t\t\t\t<div class=\"elementor-element elementor-element-8b75eab elementor-widget__width-initial elementor-widget elementor-widget-text-editor\" data-id=\"8b75eab\" data-element_type=\"widget\" data-widget_type=\"text-editor.default\">\n\t\t\t\t<div class=\"elementor-widget-container\">\n\t\t\t\t\t\t\t<h6><strong>Ovidio Pe\u00f1a<\/strong><\/h6><p>CO-FOUNDER - R&amp;D<\/p><p class=\" translation-block\">Ovidio is a Nuclear Engineer with a PhD in Materials Science and Engineering from Universidad Nacional Aut\u00f3noma de M\u00e9xico. He currently serves as an Associate Professor at Universidad Polit\u00e9cnica de Madrid. His research expertise encompasses optics, nanostructured materials, plasmonics, radiation-matter interaction and light scattering. He has <a href=\"https:\/\/scholar.google.es\/citations?user=ywpdr-AAAAAJ&amp;hl=es&amp;oi=ao\" target=\"_self\"><u>authored over 70 publications that have garnered over 2400 citations<\/u><\/a>, resulting in a h-index of 26. His current research focus is on leveraging recent advances in materials science to develop cost-competitive green hydrogen production methods.<\/p>\t\t\t\t\t\t<\/div>\n\t\t\t\t<\/div>\n\t\t\t\t<\/div>\n\t\t\t\t<\/div>\n\t\t<div class=\"elementor-element elementor-element-f620293 e-con-full animated-fast e-flex elementor-invisible e-con e-parent\" data-id=\"f620293\" data-element_type=\"container\" data-settings=\"{&quot;animation&quot;:&quot;h-neuron-animation--slideUp&quot;}\">\n\t\t<div class=\"elementor-element elementor-element-ed39c7e e-con-full e-flex e-con e-child\" data-id=\"ed39c7e\" data-element_type=\"container\">\n\t\t\t\t<div class=\"elementor-element elementor-element-7ce9e18 elementor-widget elementor-widget-image\" data-id=\"7ce9e18\" data-element_type=\"widget\" data-widget_type=\"image.default\">\n\t\t\t\t<div class=\"elementor-widget-container\">\n\t\t\t\t\t\t\t\t\t\t\t\t\t<img loading=\"lazy\" decoding=\"async\" width=\"600\" height=\"600\" src=\"https:\/\/hydrolyca.com\/wp-content\/uploads\/2024\/07\/TeamWork_dGaroz.png\" class=\"attachment-large size-large wp-image-4380\" alt=\"\" srcset=\"https:\/\/hydrolyca.com\/wp-content\/uploads\/2024\/07\/TeamWork_dGaroz.png 600w, https:\/\/hydrolyca.com\/wp-content\/uploads\/2024\/07\/TeamWork_dGaroz-300x300.png 300w, https:\/\/hydrolyca.com\/wp-content\/uploads\/2024\/07\/TeamWork_dGaroz-150x150.png 150w\" sizes=\"(max-width: 600px) 100vw, 600px\" \/>\t\t\t\t\t\t\t\t\t\t\t\t\t<\/div>\n\t\t\t\t<\/div>\n\t\t\t\t<\/div>\n\t\t<div class=\"elementor-element elementor-element-9d61a97 e-con-full e-flex e-con e-child\" data-id=\"9d61a97\" data-element_type=\"container\">\n\t\t\t\t<div class=\"elementor-element elementor-element-55ec410 elementor-widget__width-initial elementor-widget elementor-widget-text-editor\" data-id=\"55ec410\" data-element_type=\"widget\" data-widget_type=\"text-editor.default\">\n\t\t\t\t<div class=\"elementor-widget-container\">\n\t\t\t\t\t\t\t<h6><strong>David Garoz<\/strong><\/h6><p>CO-FOUNDER - R&amp;D<\/p><p class=\" translation-block\">David is an Aeronautical Engineer with a PhD in Aeronautical Engineering from Universidad Polit\u00e9cnica de Madrid. He currently serves as an Associate Professor at Universidad Polit\u00e9cnica de Madrid. His research expertise encompasses finite elements modeling, thermomechanical simulation under radiation fluxes, and damage in composite materials. He has <a href=\"https:\/\/scholar.google.es\/citations?user=vFEaENgAAAAJ&amp;hl=es&amp;oi=ao\" target=\"_self\"><u>authored over 40 publications that have garnered over 600 citations<\/u><\/a>, resulting in a h-index of 14. Driven by a passion for science and creativity, David aspires to advance the field of green hydrogen and contribute to a more sustainable future.<\/p>\t\t\t\t\t\t<\/div>\n\t\t\t\t<\/div>\n\t\t\t\t<\/div>\n\t\t\t\t<\/div>\n\t\t<div class=\"elementor-element elementor-element-1094449 e-con-full animated-fast e-flex elementor-invisible e-con e-parent\" data-id=\"1094449\" data-element_type=\"container\" data-settings=\"{&quot;animation&quot;:&quot;h-neuron-animation--slideUp&quot;}\">\n\t\t<div class=\"elementor-element elementor-element-cdbe786 e-con-full e-flex e-con e-child\" data-id=\"cdbe786\" data-element_type=\"container\">\n\t\t\t\t<div class=\"elementor-element elementor-element-f749aa4 elementor-widget elementor-widget-image\" data-id=\"f749aa4\" data-element_type=\"widget\" data-widget_type=\"image.default\">\n\t\t\t\t<div class=\"elementor-widget-container\">\n\t\t\t\t\t\t\t\t\t\t\t\t\t<img loading=\"lazy\" decoding=\"async\" width=\"600\" height=\"600\" src=\"https:\/\/hydrolyca.com\/wp-content\/uploads\/2024\/07\/TeamWork_jGuardo.png\" class=\"attachment-large size-large wp-image-4381\" alt=\"\" srcset=\"https:\/\/hydrolyca.com\/wp-content\/uploads\/2024\/07\/TeamWork_jGuardo.png 600w, https:\/\/hydrolyca.com\/wp-content\/uploads\/2024\/07\/TeamWork_jGuardo-300x300.png 300w, https:\/\/hydrolyca.com\/wp-content\/uploads\/2024\/07\/TeamWork_jGuardo-150x150.png 150w\" sizes=\"(max-width: 600px) 100vw, 600px\" \/>\t\t\t\t\t\t\t\t\t\t\t\t\t<\/div>\n\t\t\t\t<\/div>\n\t\t\t\t<\/div>\n\t\t<div class=\"elementor-element elementor-element-f847792 e-con-full e-flex e-con e-child\" data-id=\"f847792\" data-element_type=\"container\">\n\t\t\t\t<div class=\"elementor-element elementor-element-e2f196b elementor-widget__width-initial elementor-widget elementor-widget-text-editor\" data-id=\"e2f196b\" data-element_type=\"widget\" data-widget_type=\"text-editor.default\">\n\t\t\t\t<div class=\"elementor-widget-container\">\n\t\t\t\t\t\t\t<h6><strong>Javier Guardo<\/strong><\/h6><p>CO-FOUNDER - ADVISOR<\/p><p><a href=\"https:\/\/www.linkedin.com\/in\/javier-guardo-1724a214\"><u>Entrepreneur and business angel.<\/u><\/a> Previously, he served as Global Head of Alternative Research at Citi. He graduated with degrees in Law and Business Administration from Universidad Pontificia de Comillas (ICADE) and obtained an MBA from NYU Stern School of Business. He is passionate about ideas and technologies that can change the world and about contributing to the teams that execute them.<\/p>\t\t\t\t\t\t<\/div>\n\t\t\t\t<\/div>\n\t\t\t\t<\/div>\n\t\t\t\t<\/div>\n\t\t<div class=\"elementor-element elementor-element-948dcd9 e-con-full n-construo-container--narrow animated-fast e-flex elementor-invisible e-con e-parent\" data-id=\"948dcd9\" data-element_type=\"container\" data-settings=\"{&quot;background_background&quot;:&quot;classic&quot;,&quot;animation&quot;:&quot;h-neuron-animation--slideUp&quot;}\">\n\t\t\t\t<div class=\"elementor-element elementor-element-d4ce2d7 elementor-widget elementor-widget-heading\" data-id=\"d4ce2d7\" data-element_type=\"widget\" data-widget_type=\"heading.default\">\n\t\t\t\t<div class=\"elementor-widget-container\">\n\t\t\t<h5 class=\"elementor-heading-title elementor-size-default\">Hydrolyca's patented technology revolutionizes energy production: green hydrogen as a real alternative to fossil fuels.<\/h5>\t\t<\/div>\n\t\t\t\t<\/div>\n\t\t\t\t<\/div>\n\t\t<div class=\"elementor-element elementor-element-85516cc e-flex e-con-boxed e-con e-parent\" data-id=\"85516cc\" data-element_type=\"container\">\n\t\t\t\t\t<div class=\"e-con-inner\">\n\t\t\t\t\t<\/div>\n\t\t\t\t<\/div>\n\t\t\t\t<\/div>","protected":false},"excerpt":{"rendered":"<p>Inicio Nosotros Hydrolyca: la nueva era del hidr\u00f3geno verde Thomas Edison no invent\u00f3 la bombilla, pero revolucion\u00f3 la iluminaci\u00f3n y cambi\u00f3 el mundo al perfeccionar el dise\u00f1o de Warren de la Rue. En el proceso, cre\u00f3 una de las empresas m\u00e1s grandes de todos los tiempos: General Electric. Al igual que Edison, los cient\u00edficos de&#8230;<\/p>","protected":false},"author":1,"featured_media":0,"parent":0,"menu_order":0,"comment_status":"closed","ping_status":"closed","template":"","meta":{"footnotes":""},"class_list":["post-4240","page","type-page","status-publish","hentry"],"_links":{"self":[{"href":"https:\/\/hydrolyca.com\/en\/wp-json\/wp\/v2\/pages\/4240","targetHints":{"allow":["GET"]}}],"collection":[{"href":"https:\/\/hydrolyca.com\/en\/wp-json\/wp\/v2\/pages"}],"about":[{"href":"https:\/\/hydrolyca.com\/en\/wp-json\/wp\/v2\/types\/page"}],"author":[{"embeddable":true,"href":"https:\/\/hydrolyca.com\/en\/wp-json\/wp\/v2\/users\/1"}],"replies":[{"embeddable":true,"href":"https:\/\/hydrolyca.com\/en\/wp-json\/wp\/v2\/comments?post=4240"}],"version-history":[{"count":224,"href":"https:\/\/hydrolyca.com\/en\/wp-json\/wp\/v2\/pages\/4240\/revisions"}],"predecessor-version":[{"id":6448,"href":"https:\/\/hydrolyca.com\/en\/wp-json\/wp\/v2\/pages\/4240\/revisions\/6448"}],"wp:attachment":[{"href":"https:\/\/hydrolyca.com\/en\/wp-json\/wp\/v2\/media?parent=4240"}],"curies":[{"name":"wp","href":"https:\/\/api.w.org\/{rel}","templated":true}]}}