{"id":4256,"date":"2024-07-20T10:20:39","date_gmt":"2024-07-20T08:20:39","guid":{"rendered":"https:\/\/hydrolyca.com\/?page_id=4256"},"modified":"2024-09-20T06:49:14","modified_gmt":"2024-09-20T04:49:14","slug":"tecnologia","status":"publish","type":"page","link":"https:\/\/hydrolyca.com\/en\/tecnologia\/","title":{"rendered":"Technology"},"content":{"rendered":"<div data-elementor-type=\"wp-page\" data-elementor-id=\"4256\" class=\"elementor elementor-4256\">\n\t\t\t\t<div class=\"elementor-element elementor-element-0144285 animated-fast e-flex e-con-boxed elementor-invisible e-con e-parent\" data-id=\"0144285\" data-element_type=\"container\" data-settings=\"{&quot;animation&quot;:&quot;h-neuron-animation--slideUp&quot;}\">\n\t\t\t\t\t<div class=\"e-con-inner\">\n\t\t\t\t<div class=\"elementor-element elementor-element-9b8b90d elementor-widget elementor-widget-neuron-breadcrumbs\" data-id=\"9b8b90d\" data-element_type=\"widget\" data-widget_type=\"neuron-breadcrumbs.default\">\n\t\t\t\t<div class=\"elementor-widget-container\">\n\t\t\t\r\n\t\t\t<div class=\"m-neuron-breadcrumbs\" aria-label=\"You are here:\">\r\n\t\t\t\t<span class=\"m-neuron-breadcrumbs__item\"><a href=\"https:\/\/hydrolyca.com\/en\/\">Home<\/a><\/span> <span class=\"m-neuron-breadcrumbs__separator\"> <\/span> <span class=\"m-neuron-breadcrumbs__item\" aria-current=\"page\">Technology<\/span>\t\t\t<\/div>\r\n\r\n\t\t   \t\t<\/div>\n\t\t\t\t<\/div>\n\t\t\t\t<div class=\"elementor-element elementor-element-611ad8d elementor-widget__width-initial elementor-widget elementor-widget-heading\" data-id=\"611ad8d\" data-element_type=\"widget\" data-widget_type=\"heading.default\">\n\t\t\t\t<div class=\"elementor-widget-container\">\n\t\t\t<style>\/*! elementor - v3.23.0 - 05-08-2024 *\/\n.elementor-heading-title{padding:0;margin:0;line-height:1}.elementor-widget-heading .elementor-heading-title[class*=elementor-size-]>a{color:inherit;font-size:inherit;line-height:inherit}.elementor-widget-heading .elementor-heading-title.elementor-size-small{font-size:15px}.elementor-widget-heading .elementor-heading-title.elementor-size-medium{font-size:19px}.elementor-widget-heading .elementor-heading-title.elementor-size-large{font-size:29px}.elementor-widget-heading .elementor-heading-title.elementor-size-xl{font-size:39px}.elementor-widget-heading .elementor-heading-title.elementor-size-xxl{font-size:59px}<\/style><h3 class=\"elementor-heading-title elementor-size-default translation-block\"><span style=\"color:#07a779\"><strong>Green Hydrogen<\/strong><\/span> and the Challenges for Clean Energy<\/h3>\t\t<\/div>\n\t\t\t\t<\/div>\n\t\t<div class=\"elementor-element elementor-element-46969a2 animated-fast e-con-full e-flex elementor-invisible e-con e-child\" data-id=\"46969a2\" data-element_type=\"container\" data-settings=\"{&quot;animation&quot;:&quot;h-neuron-animation--slideUp&quot;}\">\n\t\t<div class=\"elementor-element elementor-element-f0e699e e-con-full e-flex e-con e-child\" data-id=\"f0e699e\" data-element_type=\"container\">\n\t\t\t\t<div class=\"elementor-element elementor-element-efb3a96 elementor-widget elementor-widget-image\" data-id=\"efb3a96\" data-element_type=\"widget\" data-widget_type=\"image.default\">\n\t\t\t\t<div class=\"elementor-widget-container\">\n\t\t\t<style>\/*! elementor - v3.23.0 - 05-08-2024 *\/\n.elementor-widget-image{text-align:center}.elementor-widget-image a{display:inline-block}.elementor-widget-image a img[src$=\".svg\"]{width:48px}.elementor-widget-image img{vertical-align:middle;display:inline-block}<\/style>\t\t\t\t\t\t\t\t\t\t<img fetchpriority=\"high\" decoding=\"async\" width=\"1024\" height=\"980\" src=\"https:\/\/hydrolyca.com\/wp-content\/uploads\/2024\/07\/hydrolycaWeb-techn01-1024x980.png\" class=\"attachment-large size-large wp-image-4258\" alt=\"\" srcset=\"https:\/\/hydrolyca.com\/wp-content\/uploads\/2024\/07\/hydrolycaWeb-techn01-1024x980.png 1024w, https:\/\/hydrolyca.com\/wp-content\/uploads\/2024\/07\/hydrolycaWeb-techn01-300x287.png 300w, https:\/\/hydrolyca.com\/wp-content\/uploads\/2024\/07\/hydrolycaWeb-techn01-768x735.png 768w, https:\/\/hydrolyca.com\/wp-content\/uploads\/2024\/07\/hydrolycaWeb-techn01.png 1200w\" sizes=\"(max-width: 1024px) 100vw, 1024px\" \/>\t\t\t\t\t\t\t\t\t\t\t\t\t<\/div>\n\t\t\t\t<\/div>\n\t\t\t\t<\/div>\n\t\t<div class=\"elementor-element elementor-element-4127f22 e-con-full e-flex e-con e-child\" data-id=\"4127f22\" data-element_type=\"container\">\n\t\t\t\t<div class=\"elementor-element elementor-element-e0397e3 elementor-widget elementor-widget-heading\" data-id=\"e0397e3\" data-element_type=\"widget\" data-widget_type=\"heading.default\">\n\t\t\t\t<div class=\"elementor-widget-container\">\n\t\t\t<h5 class=\"elementor-heading-title elementor-size-default translation-block\">Hydrogen: A <span style=\"color:#07a779\"><strong>Key Vector<\/strong><\/span>  in the Energy Transition<\/h5>\t\t<\/div>\n\t\t\t\t<\/div>\n\t\t\t\t<div class=\"elementor-element elementor-element-8a87fa4 elementor-widget elementor-widget-text-editor\" data-id=\"8a87fa4\" data-element_type=\"widget\" data-widget_type=\"text-editor.default\">\n\t\t\t\t<div class=\"elementor-widget-container\">\n\t\t\t<style>\/*! elementor - v3.23.0 - 05-08-2024 *\/\n.elementor-widget-text-editor.elementor-drop-cap-view-stacked .elementor-drop-cap{background-color:#69727d;color:#fff}.elementor-widget-text-editor.elementor-drop-cap-view-framed .elementor-drop-cap{color:#69727d;border:3px solid;background-color:transparent}.elementor-widget-text-editor:not(.elementor-drop-cap-view-default) .elementor-drop-cap{margin-top:8px}.elementor-widget-text-editor:not(.elementor-drop-cap-view-default) .elementor-drop-cap-letter{width:1em;height:1em}.elementor-widget-text-editor .elementor-drop-cap{float:left;text-align:center;line-height:1;font-size:50px}.elementor-widget-text-editor .elementor-drop-cap-letter{display:inline-block}<\/style>\t\t\t\t<p>Hydrogen will play a crucial role in the global energy mix by 2050. Along with other low-carbon solutions, it will be essential for sectors that are difficult to electrify. Its versatility and potential for production from non-polluting sources make it a key element for the energy transition.<\/p>\t\t\t\t\t\t<\/div>\n\t\t\t\t<\/div>\n\t\t\t\t<div class=\"elementor-element elementor-element-b7af08c elementor-widget elementor-widget-text-editor\" data-id=\"b7af08c\" data-element_type=\"widget\" data-widget_type=\"text-editor.default\">\n\t\t\t\t<div class=\"elementor-widget-container\">\n\t\t\t\t\t\t\t<p>Even in a more limited decarbonization scenario, hydrogen's capacity to store and transport clean energy and reduce emissions makes it especially relevant. Therefore, it is urgent to reduce the cost of green hydrogen production and accelerate its global adoption as a sustainable energy vector.<\/p>\t\t\t\t\t\t<\/div>\n\t\t\t\t<\/div>\n\t\t\t\t<\/div>\n\t\t\t\t<\/div>\n\t\t\t\t\t<\/div>\n\t\t\t\t<\/div>\n\t\t<div class=\"elementor-element elementor-element-fcab0d3 e-con-full animated-fast e-flex elementor-invisible e-con e-parent\" data-id=\"fcab0d3\" data-element_type=\"container\" data-settings=\"{&quot;background_background&quot;:&quot;classic&quot;,&quot;animation&quot;:&quot;h-neuron-animation--slideUp&quot;}\">\n\t\t<div class=\"elementor-element elementor-element-ac9997f e-flex e-con-boxed e-con e-child\" data-id=\"ac9997f\" data-element_type=\"container\" data-settings=\"{&quot;background_background&quot;:&quot;classic&quot;}\">\n\t\t\t\t\t<div class=\"e-con-inner\">\n\t\t\t\t<div class=\"elementor-element elementor-element-1e4536e elementor-widget-tablet__width-initial elementor-widget elementor-widget-heading\" data-id=\"1e4536e\" data-element_type=\"widget\" data-widget_type=\"heading.default\">\n\t\t\t\t<div class=\"elementor-widget-container\">\n\t\t\t<h5 class=\"elementor-heading-title elementor-size-default translation-block\"><span style=\"color:#07a779\"><strong>Clean<\/strong><\/span> but <span style=\"color:#07a779\"><strong>Expensive<\/strong><\/span>: <br>The Problems of Green Hydrogen<\/h5>\t\t<\/div>\n\t\t\t\t<\/div>\n\t\t\t\t<div class=\"elementor-element elementor-element-6e41008 elementor-widget elementor-widget-image\" data-id=\"6e41008\" data-element_type=\"widget\" data-widget_type=\"image.default\">\n\t\t\t\t<div class=\"elementor-widget-container\">\n\t\t\t\t\t\t\t\t\t\t\t\t\t<img decoding=\"async\" width=\"1800\" height=\"339\" src=\"https:\/\/hydrolyca.com\/wp-content\/uploads\/2024\/07\/hydrolycaWeb-techn02.png\" class=\"attachment-full size-full wp-image-4262\" alt=\"\" srcset=\"https:\/\/hydrolyca.com\/wp-content\/uploads\/2024\/07\/hydrolycaWeb-techn02.png 1800w, https:\/\/hydrolyca.com\/wp-content\/uploads\/2024\/07\/hydrolycaWeb-techn02-300x57.png 300w, https:\/\/hydrolyca.com\/wp-content\/uploads\/2024\/07\/hydrolycaWeb-techn02-1024x193.png 1024w, https:\/\/hydrolyca.com\/wp-content\/uploads\/2024\/07\/hydrolycaWeb-techn02-768x145.png 768w, https:\/\/hydrolyca.com\/wp-content\/uploads\/2024\/07\/hydrolycaWeb-techn02-1536x289.png 1536w\" sizes=\"(max-width: 1800px) 100vw, 1800px\" \/>\t\t\t\t\t\t\t\t\t\t\t\t\t<\/div>\n\t\t\t\t<\/div>\n\t\t<div class=\"elementor-element elementor-element-247fd2f e-grid e-con-full e-con e-child\" data-id=\"247fd2f\" data-element_type=\"container\">\n\t\t\t\t<div class=\"elementor-element elementor-element-1cae747 elementor-widget elementor-widget-image-box\" data-id=\"1cae747\" data-element_type=\"widget\" data-widget_type=\"image-box.default\">\n\t\t\t\t<div class=\"elementor-widget-container\">\n\t\t\t<style>\/*! elementor - v3.23.0 - 05-08-2024 *\/\n.elementor-widget-image-box .elementor-image-box-content{width:100%}@media (min-width:768px){.elementor-widget-image-box.elementor-position-left .elementor-image-box-wrapper,.elementor-widget-image-box.elementor-position-right .elementor-image-box-wrapper{display:flex}.elementor-widget-image-box.elementor-position-right .elementor-image-box-wrapper{text-align:end;flex-direction:row-reverse}.elementor-widget-image-box.elementor-position-left .elementor-image-box-wrapper{text-align:start;flex-direction:row}.elementor-widget-image-box.elementor-position-top .elementor-image-box-img{margin:auto}.elementor-widget-image-box.elementor-vertical-align-top .elementor-image-box-wrapper{align-items:flex-start}.elementor-widget-image-box.elementor-vertical-align-middle .elementor-image-box-wrapper{align-items:center}.elementor-widget-image-box.elementor-vertical-align-bottom .elementor-image-box-wrapper{align-items:flex-end}}@media (max-width:767px){.elementor-widget-image-box .elementor-image-box-img{margin-left:auto!important;margin-right:auto!important;margin-bottom:15px}}.elementor-widget-image-box .elementor-image-box-img{display:inline-block}.elementor-widget-image-box .elementor-image-box-title a{color:inherit}.elementor-widget-image-box .elementor-image-box-wrapper{text-align:center}.elementor-widget-image-box .elementor-image-box-description{margin:0}<\/style><div class=\"elementor-image-box-wrapper\"><div class=\"elementor-image-box-content\"><span class=\"elementor-image-box-title\"><strong>Clean Hydrogen<\/strong>:<br>Is a Practical Alternative?<\/span><p class=\"elementor-image-box-description\"><div style=\"padding-top:1em;\">Hydrogen produced from renewable energy is the ideal alternative to fossil fuels. However, 96% of the world's hydrogen is currently generated from methane, a component of natural gas. This grey hydrogen is cheap (\u20ac2\/kg) but polluting. So, what prevents green hydrogen from being a viable solution?<\/div><\/p><\/div><\/div>\t\t<\/div>\n\t\t\t\t<\/div>\n\t\t\t\t<div class=\"elementor-element elementor-element-fb644d7 elementor-widget elementor-widget-image-box\" data-id=\"fb644d7\" data-element_type=\"widget\" data-widget_type=\"image-box.default\">\n\t\t\t\t<div class=\"elementor-widget-container\">\n\t\t\t<div class=\"elementor-image-box-wrapper\"><div class=\"elementor-image-box-content\"><span class=\"elementor-image-box-title\"><strong>Problem No. 1<\/strong>: <br>High Production Cost<\/span><p class=\"elementor-image-box-description\"><div style=\"padding-top:1em;\">The production of green hydrogen via electrolysis is expensive, with prices ranging from \u20ac5.5 to \u20ac10 per kilogram because of its reliance on electricity and complex architecture. Current electrolysis technologies seem to be at a standstill, offering no promise of a low-cost scenario in the near future.<\/div><\/p><\/div><\/div>\t\t<\/div>\n\t\t\t\t<\/div>\n\t\t\t\t<div class=\"elementor-element elementor-element-12d5f33 elementor-widget elementor-widget-image-box\" data-id=\"12d5f33\" data-element_type=\"widget\" data-widget_type=\"image-box.default\">\n\t\t\t\t<div class=\"elementor-widget-container\">\n\t\t\t<div class=\"elementor-image-box-wrapper\"><div class=\"elementor-image-box-content\"><span class=\"elementor-image-box-title\"><strong>Problem No. 2<\/strong>:<br> Dependence on Subsidies<\/span><p class=\"elementor-image-box-description\"><div style=\"padding-top:1em;\">The high cost of green hydrogen makes it unviable without public subsidies, which are themselves unsustainable in the long term. This reality is delaying decarbonization plans from industry and transportation sectors.<\/div><\/p><\/div><\/div>\t\t<\/div>\n\t\t\t\t<\/div>\n\t\t\t\t<\/div>\n\t\t\t\t\t<\/div>\n\t\t\t\t<\/div>\n\t\t\t\t<\/div>\n\t\t<div class=\"elementor-element elementor-element-99a80d4 e-flex e-con-boxed e-con e-parent\" data-id=\"99a80d4\" data-element_type=\"container\">\n\t\t\t\t\t<div class=\"e-con-inner\">\n\t\t\t\t<div class=\"elementor-element elementor-element-634bf78 elementor-hidden-desktop elementor-hidden-tablet elementor-widget elementor-widget-image\" data-id=\"634bf78\" data-element_type=\"widget\" data-widget_type=\"image.default\">\n\t\t\t\t<div class=\"elementor-widget-container\">\n\t\t\t\t\t\t\t\t\t\t\t\t\t<img decoding=\"async\" width=\"866\" height=\"1024\" src=\"https:\/\/hydrolyca.com\/wp-content\/uploads\/2024\/08\/hydrolycaWeb-techn03-eng.png\" class=\"attachment-large size-large wp-image-5857\" alt=\"\" srcset=\"https:\/\/hydrolyca.com\/wp-content\/uploads\/2024\/08\/hydrolycaWeb-techn03-eng.png 1200w, https:\/\/hydrolyca.com\/wp-content\/uploads\/2024\/08\/hydrolycaWeb-techn03-eng-254x300.png 254w, https:\/\/hydrolyca.com\/wp-content\/uploads\/2024\/08\/hydrolycaWeb-techn03-eng-866x1024.png 866w, https:\/\/hydrolyca.com\/wp-content\/uploads\/2024\/08\/hydrolycaWeb-techn03-eng-768x908.png 768w, https:\/\/hydrolyca.com\/wp-content\/uploads\/2024\/08\/hydrolycaWeb-techn03-eng-10x12.png 10w\" sizes=\"(max-width: 866px) 100vw, 866px\" \/>\t\t\t\t\t\t\t\t\t\t\t\t\t<\/div>\n\t\t\t\t<\/div>\n\t\t\t\t\t<\/div>\n\t\t\t\t<\/div>\n\t\t<div class=\"elementor-element elementor-element-95e43d7 animated-fast e-flex e-con-boxed elementor-invisible e-con e-parent\" data-id=\"95e43d7\" data-element_type=\"container\" data-settings=\"{&quot;animation&quot;:&quot;h-neuron-animation--slideUp&quot;}\">\n\t\t\t\t\t<div class=\"e-con-inner\">\n\t\t\t\t<div class=\"elementor-element elementor-element-e7503a4 elementor-widget elementor-widget-menu-anchor\" data-id=\"e7503a4\" data-element_type=\"widget\" data-widget_type=\"menu-anchor.default\">\n\t\t\t\t<div class=\"elementor-widget-container\">\n\t\t\t<style>\/*! elementor - v3.23.0 - 05-08-2024 *\/\nbody.elementor-page .elementor-widget-menu-anchor{margin-bottom:0}<\/style>\t\t<div class=\"elementor-menu-anchor\" id=\"solucion-hydrolyca\"><\/div>\n\t\t\t\t<\/div>\n\t\t\t\t<\/div>\n\t\t<div class=\"elementor-element elementor-element-ac69bb0 animated-fast e-con-full e-flex elementor-invisible e-con e-child\" data-id=\"ac69bb0\" data-element_type=\"container\" data-settings=\"{&quot;animation&quot;:&quot;h-neuron-animation--slideUp&quot;}\">\n\t\t<div class=\"elementor-element elementor-element-b067a66 e-con-full e-flex e-con e-child\" data-id=\"b067a66\" data-element_type=\"container\">\n\t\t\t\t<div class=\"elementor-element elementor-element-6dc2aae elementor-widget elementor-widget-heading\" data-id=\"6dc2aae\" data-element_type=\"widget\" data-widget_type=\"heading.default\">\n\t\t\t\t<div class=\"elementor-widget-container\">\n\t\t\t<h5 class=\"elementor-heading-title elementor-size-default translation-block\">The Hydrolyca Solution: <span style=\"color:#07a779\"><strong>Thermochemical<\/strong><\/span> Water Splitting<\/h5>\t\t<\/div>\n\t\t\t\t<\/div>\n\t\t\t\t<div class=\"elementor-element elementor-element-892e3e4 elementor-widget elementor-widget-text-editor\" data-id=\"892e3e4\" data-element_type=\"widget\" data-widget_type=\"text-editor.default\">\n\t\t\t\t<div class=\"elementor-widget-container\">\n\t\t\t\t\t\t\t<p class=\" translation-block\">The technology developed by <strong>Hydrolyca<\/strong> achieves hydrogen production by dissociating water molecules through thermochemical reactions in quasi isothermal conditions between an active material and water vapor.<\/p>\t\t\t\t\t\t<\/div>\n\t\t\t\t<\/div>\n\t\t\t\t<div class=\"elementor-element elementor-element-95357eb elementor-widget elementor-widget-text-editor\" data-id=\"95357eb\" data-element_type=\"widget\" data-widget_type=\"text-editor.default\">\n\t\t\t\t<div class=\"elementor-widget-container\">\n\t\t\t\t\t\t\t<p class=\" translation-block\">A key aspect that distinguishes this method from others is the rapid and brief sequence of redox (reduction-oxidation) cycles. In the first half-reaction, the active material (currently CeO2) is reduced by absorbing heat and releases oxygen. Subsequently, in the second half-reaction, the reduced material reacts with vapor to oxidize again, resulting in hydrogen production.<\/p>\t\t\t\t\t\t<\/div>\n\t\t\t\t<\/div>\n\t\t\t\t<div class=\"elementor-element elementor-element-4904d03 elementor-widget elementor-widget-text-editor\" data-id=\"4904d03\" data-element_type=\"widget\" data-widget_type=\"text-editor.default\">\n\t\t\t\t<div class=\"elementor-widget-container\">\n\t\t\t\t\t\t\t<p class=\" translation-block\"><strong>Reduction:<\/strong> CeO<sub>2<\/sub> + Q \u21c6 CeO<sub>2-\u03b4<\/sub> + \u03b4\/2 O<sub>2<\/sub><\/p><p class=\" translation-block\"><strong>Oxidation:<\/strong> CeO<sub>2-\u03b4<\/sub> + \u03b4 H<sub>2<\/sub>O \u21c6 CeO<sub>2<\/sub> + \u03b4 H<sub>2<\/sub><\/p>\t\t\t\t\t\t<\/div>\n\t\t\t\t<\/div>\n\t\t\t\t<div class=\"elementor-element elementor-element-bbc6459 elementor-widget elementor-widget-text-editor\" data-id=\"bbc6459\" data-element_type=\"widget\" data-widget_type=\"text-editor.default\">\n\t\t\t\t<div class=\"elementor-widget-container\">\n\t\t\t\t\t\t\t<p>The intrinsic efficiency of this process is maximized up to 86% when the molar ratio between consumed vapor and produced hydrogen is n = 1.<\/p>\t\t\t\t\t\t<\/div>\n\t\t\t\t<\/div>\n\t\t\t\t<\/div>\n\t\t<div class=\"elementor-element elementor-element-dc19c54 e-flex e-con-boxed e-con e-child\" data-id=\"dc19c54\" data-element_type=\"container\">\n\t\t\t\t\t<div class=\"e-con-inner\">\n\t\t\t\t<div class=\"elementor-element elementor-element-b53b358 elementor-hidden-mobile elementor-widget elementor-widget-image\" data-id=\"b53b358\" data-element_type=\"widget\" data-widget_type=\"image.default\">\n\t\t\t\t<div class=\"elementor-widget-container\">\n\t\t\t\t\t\t\t\t\t\t\t\t\t<img decoding=\"async\" width=\"866\" height=\"1024\" src=\"https:\/\/hydrolyca.com\/wp-content\/uploads\/2024\/08\/hydrolycaWeb-techn03-eng.png\" class=\"attachment-large size-large wp-image-5857\" alt=\"\" srcset=\"https:\/\/hydrolyca.com\/wp-content\/uploads\/2024\/08\/hydrolycaWeb-techn03-eng.png 1200w, https:\/\/hydrolyca.com\/wp-content\/uploads\/2024\/08\/hydrolycaWeb-techn03-eng-254x300.png 254w, https:\/\/hydrolyca.com\/wp-content\/uploads\/2024\/08\/hydrolycaWeb-techn03-eng-866x1024.png 866w, https:\/\/hydrolyca.com\/wp-content\/uploads\/2024\/08\/hydrolycaWeb-techn03-eng-768x908.png 768w, https:\/\/hydrolyca.com\/wp-content\/uploads\/2024\/08\/hydrolycaWeb-techn03-eng-10x12.png 10w\" sizes=\"(max-width: 866px) 100vw, 866px\" \/>\t\t\t\t\t\t\t\t\t\t\t\t\t<\/div>\n\t\t\t\t<\/div>\n\t\t\t\t\t<\/div>\n\t\t\t\t<\/div>\n\t\t\t\t<\/div>\n\t\t\t\t\t<\/div>\n\t\t\t\t<\/div>\n\t\t<div class=\"elementor-element elementor-element-948dcd9 animated-fast e-flex e-con-boxed elementor-invisible e-con e-parent\" data-id=\"948dcd9\" data-element_type=\"container\" data-settings=\"{&quot;background_background&quot;:&quot;classic&quot;,&quot;animation&quot;:&quot;h-neuron-animation--slideUp&quot;}\">\n\t\t\t\t\t<div class=\"e-con-inner\">\n\t\t\t\t<div class=\"elementor-element elementor-element-86a7089 elementor-widget elementor-widget-heading\" data-id=\"86a7089\" data-element_type=\"widget\" data-widget_type=\"heading.default\">\n\t\t\t\t<div class=\"elementor-widget-container\">\n\t\t\t<span class=\"elementor-heading-title elementor-size-default\">COST-EFFECTIVE INNOVATION<\/span>\t\t<\/div>\n\t\t\t\t<\/div>\n\t\t\t\t<div class=\"elementor-element elementor-element-d4ce2d7 elementor-widget__width-initial elementor-widget elementor-widget-heading\" data-id=\"d4ce2d7\" data-element_type=\"widget\" data-widget_type=\"heading.default\">\n\t\t\t\t<div class=\"elementor-widget-container\">\n\t\t\t<h5 class=\"elementor-heading-title elementor-size-default translation-block\"><strong>Hydrolyca\u00b4s<\/strong> revolutionary technology enables the production of green hydrogen for less than \u20ac1\/kg before 2030.<\/h5>\t\t<\/div>\n\t\t\t\t<\/div>\n\t\t\t\t\t<\/div>\n\t\t\t\t<\/div>\n\t\t<div class=\"elementor-element elementor-element-6ffb811 e-flex e-con-boxed e-con e-parent\" data-id=\"6ffb811\" data-element_type=\"container\">\n\t\t\t\t\t<div class=\"e-con-inner\">\n\t\t\t\t<div class=\"elementor-element elementor-element-a77f281 elementor-widget elementor-widget-menu-anchor\" data-id=\"a77f281\" data-element_type=\"widget\" data-widget_type=\"menu-anchor.default\">\n\t\t\t\t<div class=\"elementor-widget-container\">\n\t\t\t\t\t<div class=\"elementor-menu-anchor\" id=\"tecnologia-hydrolyca\"><\/div>\n\t\t\t\t<\/div>\n\t\t\t\t<\/div>\n\t\t<div class=\"elementor-element elementor-element-4e6e5f2 animated-fast e-con-full e-flex elementor-invisible e-con e-child\" data-id=\"4e6e5f2\" data-element_type=\"container\" data-settings=\"{&quot;animation&quot;:&quot;h-neuron-animation--slideUp&quot;}\">\n\t\t<div class=\"elementor-element elementor-element-bb95321 e-con-full e-flex e-con e-child\" data-id=\"bb95321\" data-element_type=\"container\" data-settings=\"{&quot;background_background&quot;:&quot;classic&quot;}\">\n\t\t\t\t<div class=\"elementor-element elementor-element-efba76e elementor-widget elementor-widget-image\" data-id=\"efba76e\" data-element_type=\"widget\" data-widget_type=\"image.default\">\n\t\t\t\t<div class=\"elementor-widget-container\">\n\t\t\t\t\t\t\t\t\t\t\t\t\t<img decoding=\"async\" src=\"https:\/\/hydrolyca.com\/wp-content\/uploads\/2024\/08\/hydrolycaWeb-techn04-eng-2208.gif\" title=\"hydrolycaWeb-techn04-eng-2208\" alt=\"hydrolycaWeb-techn04-spa-2208\" loading=\"lazy\" \/>\t\t\t\t\t\t\t\t\t\t\t\t\t<\/div>\n\t\t\t\t<\/div>\n\t\t\t\t<\/div>\n\t\t<div class=\"elementor-element elementor-element-42feb5b e-con-full e-flex e-con e-child\" data-id=\"42feb5b\" data-element_type=\"container\">\n\t\t\t\t<div class=\"elementor-element elementor-element-83c8383 elementor-widget elementor-widget-heading\" data-id=\"83c8383\" data-element_type=\"widget\" data-widget_type=\"heading.default\">\n\t\t\t\t<div class=\"elementor-widget-container\">\n\t\t\t<h5 class=\"elementor-heading-title elementor-size-default translation-block\">Technology that Makes <span style=\"color:#07a779\"><strong>Hydrogen Green<\/strong><\/span> Production Profitable<\/h5>\t\t<\/div>\n\t\t\t\t<\/div>\n\t\t\t\t<div class=\"elementor-element elementor-element-62314f3 elementor-widget elementor-widget-text-editor\" data-id=\"62314f3\" data-element_type=\"widget\" data-widget_type=\"text-editor.default\">\n\t\t\t\t<div class=\"elementor-widget-container\">\n\t\t\t\t\t\t\t<p class=\" translation-block\"><strong>Hydrolyca's<\/strong> patented technology shifts the equilibrium of the oxidation half-reaction towards hydrogen production while minimizing water consumption. This enables quasi-isothermal cycles, leading to <strong>very high efficiency<\/strong> (over 80%).<\/p>\t\t\t\t\t\t<\/div>\n\t\t\t\t<\/div>\n\t\t\t\t<div class=\"elementor-element elementor-element-fb661bc elementor-widget elementor-widget-text-editor\" data-id=\"fb661bc\" data-element_type=\"widget\" data-widget_type=\"text-editor.default\">\n\t\t\t\t<div class=\"elementor-widget-container\">\n\t\t\t\t\t\t\t<p class=\" translation-block\"><strong>Hydrolyca's reactor<\/strong> design represents a breakthrough over previous technologies. The company\u2019s patent portfolio currently includes 3 filings, with the first one already published and undergoing PCT application.<\/p>\t\t\t\t\t\t<\/div>\n\t\t\t\t<\/div>\n\t\t\t\t<\/div>\n\t\t\t\t<\/div>\n\t\t\t\t\t<\/div>\n\t\t\t\t<\/div>\n\t\t<div class=\"elementor-element elementor-element-ab62069 e-flex e-con-boxed e-con e-parent\" data-id=\"ab62069\" data-element_type=\"container\">\n\t\t\t\t\t<div class=\"e-con-inner\">\n\t\t\t\t\t<\/div>\n\t\t\t\t<\/div>\n\t\t\t\t<\/div>","protected":false},"excerpt":{"rendered":"<p>Inicio Tecnolog\u00eda Los desaf\u00edos del hidr\u00f3geno verde como energ\u00eda limpia Hidr\u00f3geno: un vector clave en la transici\u00f3n energ\u00e9tica Se prev\u00e9 que el hidr\u00f3geno desempe\u00f1e un papel fundamental en el mix energ\u00e9tico mundial hacia 2050. Junto con otras soluciones bajas en carbono, ser\u00e1 esencial en sectores dif\u00edciles de electrificar. La versatilidad del hidr\u00f3geno y su potencial&#8230;<\/p>","protected":false},"author":1,"featured_media":0,"parent":0,"menu_order":0,"comment_status":"closed","ping_status":"closed","template":"","meta":{"footnotes":""},"class_list":["post-4256","page","type-page","status-publish","hentry"],"_links":{"self":[{"href":"https:\/\/hydrolyca.com\/en\/wp-json\/wp\/v2\/pages\/4256","targetHints":{"allow":["GET"]}}],"collection":[{"href":"https:\/\/hydrolyca.com\/en\/wp-json\/wp\/v2\/pages"}],"about":[{"href":"https:\/\/hydrolyca.com\/en\/wp-json\/wp\/v2\/types\/page"}],"author":[{"embeddable":true,"href":"https:\/\/hydrolyca.com\/en\/wp-json\/wp\/v2\/users\/1"}],"replies":[{"embeddable":true,"href":"https:\/\/hydrolyca.com\/en\/wp-json\/wp\/v2\/comments?post=4256"}],"version-history":[{"count":343,"href":"https:\/\/hydrolyca.com\/en\/wp-json\/wp\/v2\/pages\/4256\/revisions"}],"predecessor-version":[{"id":6433,"href":"https:\/\/hydrolyca.com\/en\/wp-json\/wp\/v2\/pages\/4256\/revisions\/6433"}],"wp:attachment":[{"href":"https:\/\/hydrolyca.com\/en\/wp-json\/wp\/v2\/media?parent=4256"}],"curies":[{"name":"wp","href":"https:\/\/api.w.org\/{rel}","templated":true}]}}