{"id":4300,"date":"2024-07-20T12:19:46","date_gmt":"2024-07-20T10:19:46","guid":{"rendered":"https:\/\/hydrolyca.com\/?page_id=4300"},"modified":"2024-09-01T23:09:58","modified_gmt":"2024-09-01T21:09:58","slug":"hydrolyca-home","status":"publish","type":"page","link":"https:\/\/hydrolyca.com\/en\/","title":{"rendered":"Hydrolyca Home"},"content":{"rendered":"<div data-elementor-type=\"wp-page\" data-elementor-id=\"4300\" class=\"elementor elementor-4300\">\n\t\t\t\t<div class=\"elementor-element elementor-element-92f6ce0 animated-fast e-flex e-con-boxed elementor-invisible e-con e-parent\" data-id=\"92f6ce0\" data-element_type=\"container\" data-settings=\"{&quot;animation&quot;:&quot;h-neuron-animation--slideUp&quot;}\">\n\t\t\t\t\t<div class=\"e-con-inner\">\n\t\t\t\t<div class=\"elementor-element elementor-element-e85d299 elementor-widget__width-initial elementor-widget elementor-widget-heading\" data-id=\"e85d299\" data-element_type=\"widget\" data-widget_type=\"heading.default\">\n\t\t\t\t<div class=\"elementor-widget-container\">\n\t\t\t<style>\/*! elementor - v3.23.0 - 05-08-2024 *\/\n.elementor-heading-title{padding:0;margin:0;line-height:1}.elementor-widget-heading .elementor-heading-title[class*=elementor-size-]>a{color:inherit;font-size:inherit;line-height:inherit}.elementor-widget-heading .elementor-heading-title.elementor-size-small{font-size:15px}.elementor-widget-heading .elementor-heading-title.elementor-size-medium{font-size:19px}.elementor-widget-heading .elementor-heading-title.elementor-size-large{font-size:29px}.elementor-widget-heading .elementor-heading-title.elementor-size-xl{font-size:39px}.elementor-widget-heading .elementor-heading-title.elementor-size-xxl{font-size:59px}<\/style><h3 class=\"elementor-heading-title elementor-size-default translation-block\">Powering Planetary Decarbonization with <span style=\"color:#07a779\"><strong>Green Hydrogen<\/strong><\/span> below \u20ac1\/kg<\/h3>\t\t<\/div>\n\t\t\t\t<\/div>\n\t\t\t\t<div class=\"elementor-element elementor-element-3f9a9eb elementor-widget__width-initial elementor-widget elementor-widget-heading\" data-id=\"3f9a9eb\" data-element_type=\"widget\" data-widget_type=\"heading.default\">\n\t\t\t\t<div class=\"elementor-widget-container\">\n\t\t\t<span class=\"elementor-heading-title elementor-size-default\">We've developed a breakthrough technology that enables the production of clean hydrogen below \u20ac1 per kg through thermochemical water splitting, paving the way for a realistic replacement for fossil fuels.<\/span>\t\t<\/div>\n\t\t\t\t<\/div>\n\t\t\t\t\t<\/div>\n\t\t\t\t<\/div>\n\t\t<div class=\"elementor-element elementor-element-f39e4bf e-con-full animated-fast e-flex elementor-invisible e-con e-parent\" data-id=\"f39e4bf\" data-element_type=\"container\" data-settings=\"{&quot;background_background&quot;:&quot;gradient&quot;,&quot;animation&quot;:&quot;h-neuron-animation--slideUp&quot;}\">\n\t\t\t\t<div class=\"elementor-element elementor-element-7f04db3 elementor-widget elementor-widget-image\" data-id=\"7f04db3\" data-element_type=\"widget\" data-widget_type=\"image.default\">\n\t\t\t\t<div class=\"elementor-widget-container\">\n\t\t\t<style>\/*! elementor - v3.23.0 - 05-08-2024 *\/\n.elementor-widget-image{text-align:center}.elementor-widget-image a{display:inline-block}.elementor-widget-image a img[src$=\".svg\"]{width:48px}.elementor-widget-image img{vertical-align:middle;display:inline-block}<\/style>\t\t\t\t\t\t\t\t\t\t<img fetchpriority=\"high\" decoding=\"async\" width=\"2431\" height=\"1080\" src=\"https:\/\/hydrolyca.com\/wp-content\/uploads\/2024\/07\/hydrolycaWeb-home01.jpg\" class=\"attachment-full size-full wp-image-4302\" alt=\"\" srcset=\"https:\/\/hydrolyca.com\/wp-content\/uploads\/2024\/07\/hydrolycaWeb-home01.jpg 2431w, https:\/\/hydrolyca.com\/wp-content\/uploads\/2024\/07\/hydrolycaWeb-home01-300x133.jpg 300w, https:\/\/hydrolyca.com\/wp-content\/uploads\/2024\/07\/hydrolycaWeb-home01-1024x455.jpg 1024w, https:\/\/hydrolyca.com\/wp-content\/uploads\/2024\/07\/hydrolycaWeb-home01-768x341.jpg 768w, https:\/\/hydrolyca.com\/wp-content\/uploads\/2024\/07\/hydrolycaWeb-home01-1536x682.jpg 1536w, https:\/\/hydrolyca.com\/wp-content\/uploads\/2024\/07\/hydrolycaWeb-home01-2048x910.jpg 2048w\" sizes=\"(max-width: 2431px) 100vw, 2431px\" \/>\t\t\t\t\t\t\t\t\t\t\t\t\t<\/div>\n\t\t\t\t<\/div>\n\t\t\t\t<\/div>\n\t\t<div class=\"elementor-element elementor-element-3d0583c animated-fast e-flex e-con-boxed elementor-invisible e-con e-parent\" data-id=\"3d0583c\" data-element_type=\"container\" data-settings=\"{&quot;background_background&quot;:&quot;classic&quot;,&quot;animation&quot;:&quot;h-neuron-animation--slideUp&quot;}\">\n\t\t\t\t\t<div class=\"e-con-inner\">\n\t\t\t\t<div class=\"elementor-element elementor-element-d918a78 elementor-widget elementor-widget-heading\" data-id=\"d918a78\" data-element_type=\"widget\" data-widget_type=\"heading.default\">\n\t\t\t\t<div class=\"elementor-widget-container\">\n\t\t\t<span class=\"elementor-heading-title elementor-size-default\"><svg width=\"9\" height=\"10\" viewbox=\"0 0 9 10\" fill=\"none\" xmlns=\"http:\/\/www.w3.org\/2000\/svg\">\n<circle cx=\"4.5\" cy=\"5\" r=\"4\" stroke=\"#3D5A80\"\/>\n<\/svg> MORE ABOUT US<\/span>\t\t<\/div>\n\t\t\t\t<\/div>\n\t\t\t\t<div class=\"elementor-element elementor-element-5d093b9 elementor-widget elementor-widget-heading\" data-id=\"5d093b9\" data-element_type=\"widget\" data-widget_type=\"heading.default\">\n\t\t\t\t<div class=\"elementor-widget-container\">\n\t\t\t<h5 class=\"elementor-heading-title elementor-size-default translation-block\"><strong>Our mission<\/strong>: to become the leading global solution for decarbonizing the economy by producing <span style=\"color:#07a779\"><strong>green hydrogen<\/strong><\/span> that competes on price with fossil fuels without relying on public subsidies.<\/h5>\t\t<\/div>\n\t\t\t\t<\/div>\n\t\t<div class=\"elementor-element elementor-element-8bd8953 e-con-full e-flex e-con e-child\" data-id=\"8bd8953\" data-element_type=\"container\">\n\t\t<div class=\"elementor-element elementor-element-770b708 e-con-full e-flex e-con e-child\" data-id=\"770b708\" data-element_type=\"container\">\n\t\t\t\t<div class=\"elementor-element elementor-element-6595fda elementor-widget elementor-widget-image\" data-id=\"6595fda\" data-element_type=\"widget\" data-widget_type=\"image.default\">\n\t\t\t\t<div class=\"elementor-widget-container\">\n\t\t\t\t\t\t\t\t\t\t\t\t\t<img decoding=\"async\" width=\"1200\" height=\"1200\" src=\"https:\/\/hydrolyca.com\/wp-content\/uploads\/2024\/07\/hydrolycaWeb-home02.png\" class=\"attachment-full size-full wp-image-4303\" alt=\"\" srcset=\"https:\/\/hydrolyca.com\/wp-content\/uploads\/2024\/07\/hydrolycaWeb-home02.png 1200w, https:\/\/hydrolyca.com\/wp-content\/uploads\/2024\/07\/hydrolycaWeb-home02-300x300.png 300w, https:\/\/hydrolyca.com\/wp-content\/uploads\/2024\/07\/hydrolycaWeb-home02-1024x1024.png 1024w, https:\/\/hydrolyca.com\/wp-content\/uploads\/2024\/07\/hydrolycaWeb-home02-150x150.png 150w, https:\/\/hydrolyca.com\/wp-content\/uploads\/2024\/07\/hydrolycaWeb-home02-768x768.png 768w\" sizes=\"(max-width: 1200px) 100vw, 1200px\" \/>\t\t\t\t\t\t\t\t\t\t\t\t\t<\/div>\n\t\t\t\t<\/div>\n\t\t\t\t<\/div>\n\t\t<div class=\"elementor-element elementor-element-e892522 e-con-full e-flex e-con e-child\" data-id=\"e892522\" data-element_type=\"container\">\n\t\t\t\t<div class=\"elementor-element elementor-element-1f14b3e elementor-widget elementor-widget-heading\" data-id=\"1f14b3e\" data-element_type=\"widget\" data-widget_type=\"heading.default\">\n\t\t\t\t<div class=\"elementor-widget-container\">\n\t\t\t<h5 class=\"elementor-heading-title elementor-size-default translation-block\">Closing the <span style=\"color:#07a779\"><strong>Cost Gap<\/strong><\/span><\/h5>\t\t<\/div>\n\t\t\t\t<\/div>\n\t\t\t\t<div class=\"elementor-element elementor-element-e881857 elementor-widget elementor-widget-text-editor\" data-id=\"e881857\" data-element_type=\"widget\" data-widget_type=\"text-editor.default\">\n\t\t\t\t<div class=\"elementor-widget-container\">\n\t\t\t<style>\/*! elementor - v3.23.0 - 05-08-2024 *\/\n.elementor-widget-text-editor.elementor-drop-cap-view-stacked .elementor-drop-cap{background-color:#69727d;color:#fff}.elementor-widget-text-editor.elementor-drop-cap-view-framed .elementor-drop-cap{color:#69727d;border:3px solid;background-color:transparent}.elementor-widget-text-editor:not(.elementor-drop-cap-view-default) .elementor-drop-cap{margin-top:8px}.elementor-widget-text-editor:not(.elementor-drop-cap-view-default) .elementor-drop-cap-letter{width:1em;height:1em}.elementor-widget-text-editor .elementor-drop-cap{float:left;text-align:center;line-height:1;font-size:50px}.elementor-widget-text-editor .elementor-drop-cap-letter{display:inline-block}<\/style>\t\t\t\t<p class=\" translation-block\"><strong>Green hydrogen<\/strong> is one of the most powerful tools for decarbonizing the planet. However, industrial and transportation sectors will only adopt green hydrogen when its cost becomes competitive with fossil fuel alternatives. Currently, the cost of green hydrogen based on existing technologies is three to five times more expensive than grey hydrogen.<\/p>\t\t\t\t\t\t<\/div>\n\t\t\t\t<\/div>\n\t\t\t\t<div class=\"elementor-element elementor-element-5c3cd7e elementor-widget elementor-widget-text-editor\" data-id=\"5c3cd7e\" data-element_type=\"widget\" data-widget_type=\"text-editor.default\">\n\t\t\t\t<div class=\"elementor-widget-container\">\n\t\t\t\t\t\t\t<p class=\" translation-block\">Electrolyzer-based technologies have led the way in the pursuit of viable <strong>green hydrogen generation<\/strong>. However, their reliance on electricity results in a high operational expense that prevents them from becoming a sustainable solution.<\/p>\t\t\t\t\t\t<\/div>\n\t\t\t\t<\/div>\n\t\t\t\t<div class=\"elementor-element elementor-element-1bf830a elementor-widget elementor-widget-button\" data-id=\"1bf830a\" data-element_type=\"widget\" data-settings=\"{&quot;hover_animation&quot;:&quot;neuron-animation--slideBackground&quot;}\" data-widget_type=\"button.default\">\n\t\t\t\t<div class=\"elementor-widget-container\">\n\t\t\t\t\t<div class=\"elementor-button-wrapper\">\n\t\t\t<a class=\"elementor-button elementor-button-link elementor-size-sm elementor-animation-neuron-animation--slideBackground\" href=\"https:\/\/hydrolyca.com\/en\/tecnologia\/#solucion-hydrolyca\">\n\t\t\t\t\t\t<span class=\"elementor-button-content-wrapper\">\n\t\t\t\t\t\t\t\t\t<span class=\"elementor-button-text\">LEARN MORE<\/span>\n\t\t\t\t\t<\/span>\n\t\t\t\t\t<\/a>\n\t\t<\/div>\n\t\t\t\t<\/div>\n\t\t\t\t<\/div>\n\t\t\t\t<\/div>\n\t\t\t\t<\/div>\n\t\t\t\t\t<\/div>\n\t\t\t\t<\/div>\n\t\t<div class=\"elementor-element elementor-element-5633605 e-con-full animated-fast e-flex elementor-invisible e-con e-parent\" data-id=\"5633605\" data-element_type=\"container\" data-settings=\"{&quot;background_background&quot;:&quot;gradient&quot;,&quot;animation&quot;:&quot;h-neuron-animation--slideUp&quot;}\">\n\t\t<div class=\"elementor-element elementor-element-8d1436e e-flex e-con-boxed e-con e-child\" data-id=\"8d1436e\" data-element_type=\"container\" data-settings=\"{&quot;background_background&quot;:&quot;classic&quot;}\">\n\t\t\t\t\t<div class=\"e-con-inner\">\n\t\t\t\t<div class=\"elementor-element elementor-element-d7a8c36 elementor-widget-tablet__width-initial elementor-widget elementor-widget-heading\" data-id=\"d7a8c36\" data-element_type=\"widget\" data-widget_type=\"heading.default\">\n\t\t\t\t<div class=\"elementor-widget-container\">\n\t\t\t<h5 class=\"elementor-heading-title elementor-size-default translation-block\">Hydrolyca\u2019s Disruptive<br>Approach<\/h5>\t\t<\/div>\n\t\t\t\t<\/div>\n\t\t\t\t<div class=\"elementor-element elementor-element-f45c862 elementor-widget-tablet__width-initial elementor-widget elementor-widget-heading\" data-id=\"f45c862\" data-element_type=\"widget\" data-widget_type=\"heading.default\">\n\t\t\t\t<div class=\"elementor-widget-container\">\n\t\t\t<span class=\"elementor-heading-title elementor-size-default\">Hydrolyca\u2019s patented method addresses the limitations of previous attempts of thermochemical cycles. This breakthrough technology also surpasses current and uneconomical electrolysis-based methods.<\/span>\t\t<\/div>\n\t\t\t\t<\/div>\n\t\t\t\t<div class=\"elementor-element elementor-element-c5ef0b7 elementor-widget__width-initial elementor-widget elementor-widget-image\" data-id=\"c5ef0b7\" data-element_type=\"widget\" data-widget_type=\"image.default\">\n\t\t\t\t<div class=\"elementor-widget-container\">\n\t\t\t\t\t\t\t\t\t\t\t\t\t<img decoding=\"async\" src=\"https:\/\/hydrolyca.com\/wp-content\/uploads\/2024\/08\/hydrolycaWeb-home03-eng.png\" class=\"attachment-full size-full wp-image-4346\" alt=\"\" \/>\t\t\t\t\t\t\t\t\t\t\t\t\t<\/div>\n\t\t\t\t<\/div>\n\t\t\t\t\t<\/div>\n\t\t\t\t<\/div>\n\t\t\t\t<\/div>\n\t\t<div class=\"elementor-element elementor-element-1b82a11 animated-fast e-flex e-con-boxed elementor-invisible e-con e-parent\" data-id=\"1b82a11\" data-element_type=\"container\" data-settings=\"{&quot;background_background&quot;:&quot;classic&quot;,&quot;animation&quot;:&quot;h-neuron-animation--slideUp&quot;}\">\n\t\t\t\t\t<div class=\"e-con-inner\">\n\t\t<div class=\"elementor-element elementor-element-6488109 e-con-full e-flex e-con e-child\" data-id=\"6488109\" data-element_type=\"container\">\n\t\t<div class=\"elementor-element elementor-element-90f01e6 e-con-full e-flex e-con e-child\" data-id=\"90f01e6\" data-element_type=\"container\">\n\t\t\t\t<div class=\"elementor-element elementor-element-bd17280 elementor-widget elementor-widget-heading\" data-id=\"bd17280\" data-element_type=\"widget\" data-widget_type=\"heading.default\">\n\t\t\t\t<div class=\"elementor-widget-container\">\n\t\t\t<h5 class=\"elementor-heading-title elementor-size-default translation-block\">Harnessing <span style=\"color:#07a779\"><strong>Heat<\/strong><\/span> for Clean Hydrogen Production<\/h5>\t\t<\/div>\n\t\t\t\t<\/div>\n\t\t\t\t<div class=\"elementor-element elementor-element-712dbd9 elementor-widget elementor-widget-text-editor\" data-id=\"712dbd9\" data-element_type=\"widget\" data-widget_type=\"text-editor.default\">\n\t\t\t\t<div class=\"elementor-widget-container\">\n\t\t\t\t\t\t\t<p class=\" translation-block\"><strong>Hydrolyca<\/strong> can use any heat source, including solar power, industrial waste heat, or renewable electricity, to convert water into hydrogen.<\/p>\t\t\t\t\t\t<\/div>\n\t\t\t\t<\/div>\n\t\t\t\t<div class=\"elementor-element elementor-element-c51a723 elementor-widget elementor-widget-text-editor\" data-id=\"c51a723\" data-element_type=\"widget\" data-widget_type=\"text-editor.default\">\n\t\t\t\t<div class=\"elementor-widget-container\">\n\t\t\t\t\t\t\t<p>A key aspect that differentiates our method from similar ones is its reliance on rapid and brief redox cycles. The active material is reduced in the first half-reaction, absorbing heat and releasing oxygen. In the second half-reaction, the reduced material reacts with steam, re-oxidizing and producing hydrogen. The intrinsic efficiency of this process is over 80%.<\/p>\t\t\t\t\t\t<\/div>\n\t\t\t\t<\/div>\n\t\t\t\t<div class=\"elementor-element elementor-element-f92ef8e elementor-widget elementor-widget-button\" data-id=\"f92ef8e\" data-element_type=\"widget\" data-settings=\"{&quot;hover_animation&quot;:&quot;neuron-animation--slideBackground&quot;}\" data-widget_type=\"button.default\">\n\t\t\t\t<div class=\"elementor-widget-container\">\n\t\t\t\t\t<div class=\"elementor-button-wrapper\">\n\t\t\t<a class=\"elementor-button elementor-button-link elementor-size-sm elementor-animation-neuron-animation--slideBackground\" href=\"https:\/\/hydrolyca.com\/en\/tecnologia\/#tecnologia-hydrolyca\">\n\t\t\t\t\t\t<span class=\"elementor-button-content-wrapper\">\n\t\t\t\t\t\t\t\t\t<span class=\"elementor-button-text\">LEARN MORE<\/span>\n\t\t\t\t\t<\/span>\n\t\t\t\t\t<\/a>\n\t\t<\/div>\n\t\t\t\t<\/div>\n\t\t\t\t<\/div>\n\t\t\t\t<\/div>\n\t\t<div class=\"elementor-element elementor-element-99ad8a7 e-con-full e-flex e-con e-child\" data-id=\"99ad8a7\" data-element_type=\"container\">\n\t\t\t\t<div class=\"elementor-element elementor-element-f82abfc elementor-widget elementor-widget-image\" data-id=\"f82abfc\" data-element_type=\"widget\" data-widget_type=\"image.default\">\n\t\t\t\t<div class=\"elementor-widget-container\">\n\t\t\t\t\t\t\t\t\t\t\t\t\t<img decoding=\"async\" width=\"1200\" height=\"1200\" src=\"https:\/\/hydrolyca.com\/wp-content\/uploads\/2024\/09\/hydrolycaWeb-home04b.png\" class=\"attachment-full size-full wp-image-4308\" alt=\"\" srcset=\"https:\/\/hydrolyca.com\/wp-content\/uploads\/2024\/09\/hydrolycaWeb-home04b.png 1200w, https:\/\/hydrolyca.com\/wp-content\/uploads\/2024\/09\/hydrolycaWeb-home04b-300x300.png 300w, https:\/\/hydrolyca.com\/wp-content\/uploads\/2024\/09\/hydrolycaWeb-home04b-1024x1024.png 1024w, https:\/\/hydrolyca.com\/wp-content\/uploads\/2024\/09\/hydrolycaWeb-home04b-150x150.png 150w, https:\/\/hydrolyca.com\/wp-content\/uploads\/2024\/09\/hydrolycaWeb-home04b-768x768.png 768w, https:\/\/hydrolyca.com\/wp-content\/uploads\/2024\/09\/hydrolycaWeb-home04b-12x12.png 12w\" sizes=\"(max-width: 1200px) 100vw, 1200px\" \/>\t\t\t\t\t\t\t\t\t\t\t\t\t<\/div>\n\t\t\t\t<\/div>\n\t\t\t\t<\/div>\n\t\t\t\t<\/div>\n\t\t\t\t\t<\/div>\n\t\t\t\t<\/div>\n\t\t<div class=\"elementor-element elementor-element-76938d7 e-con-full animated-fast e-flex elementor-invisible e-con e-parent\" data-id=\"76938d7\" data-element_type=\"container\" data-settings=\"{&quot;background_background&quot;:&quot;gradient&quot;,&quot;animation&quot;:&quot;h-neuron-animation--slideUp&quot;}\">\n\t\t<div class=\"elementor-element elementor-element-75fb41d e-flex e-con-boxed e-con e-child\" data-id=\"75fb41d\" data-element_type=\"container\" data-settings=\"{&quot;background_background&quot;:&quot;classic&quot;}\">\n\t\t\t\t\t<div class=\"e-con-inner\">\n\t\t\t\t<div class=\"elementor-element elementor-element-387f120 elementor-widget-tablet__width-initial elementor-widget elementor-widget-heading\" data-id=\"387f120\" data-element_type=\"widget\" data-widget_type=\"heading.default\">\n\t\t\t\t<div class=\"elementor-widget-container\">\n\t\t\t<h5 class=\"elementor-heading-title elementor-size-default translation-block\">Advantages <span style=\"color:#2e2e2e\">of Hydrolyca\u2019s<br>Technology<\/span><\/h5>\t\t<\/div>\n\t\t\t\t<\/div>\n\t\t<div class=\"elementor-element elementor-element-e49ebbc e-grid e-con-full e-con e-child\" data-id=\"e49ebbc\" data-element_type=\"container\">\n\t\t\t\t<div class=\"elementor-element elementor-element-7d41279 elementor-position-left animated-fast elementor-vertical-align-top elementor-invisible elementor-widget elementor-widget-image-box\" data-id=\"7d41279\" data-element_type=\"widget\" data-settings=\"{&quot;_animation&quot;:&quot;h-neuron-animation--slideUp&quot;}\" data-widget_type=\"image-box.default\">\n\t\t\t\t<div class=\"elementor-widget-container\">\n\t\t\t<style>\/*! elementor - v3.23.0 - 05-08-2024 *\/\n.elementor-widget-image-box .elementor-image-box-content{width:100%}@media (min-width:768px){.elementor-widget-image-box.elementor-position-left .elementor-image-box-wrapper,.elementor-widget-image-box.elementor-position-right .elementor-image-box-wrapper{display:flex}.elementor-widget-image-box.elementor-position-right .elementor-image-box-wrapper{text-align:end;flex-direction:row-reverse}.elementor-widget-image-box.elementor-position-left .elementor-image-box-wrapper{text-align:start;flex-direction:row}.elementor-widget-image-box.elementor-position-top .elementor-image-box-img{margin:auto}.elementor-widget-image-box.elementor-vertical-align-top .elementor-image-box-wrapper{align-items:flex-start}.elementor-widget-image-box.elementor-vertical-align-middle .elementor-image-box-wrapper{align-items:center}.elementor-widget-image-box.elementor-vertical-align-bottom .elementor-image-box-wrapper{align-items:flex-end}}@media (max-width:767px){.elementor-widget-image-box .elementor-image-box-img{margin-left:auto!important;margin-right:auto!important;margin-bottom:15px}}.elementor-widget-image-box .elementor-image-box-img{display:inline-block}.elementor-widget-image-box .elementor-image-box-title a{color:inherit}.elementor-widget-image-box .elementor-image-box-wrapper{text-align:center}.elementor-widget-image-box .elementor-image-box-description{margin:0}<\/style><div class=\"elementor-image-box-wrapper\"><figure class=\"elementor-image-box-img\"><img decoding=\"async\" src=\"https:\/\/hydrolyca.com\/wp-content\/uploads\/2024\/07\/hydrolycaWeb-home05a.svg\" class=\"attachment-full size-full wp-image-4494\" alt=\"\" \/><\/figure><div class=\"elementor-image-box-content\"><h6 class=\"elementor-image-box-title\">Low Cost<\/h6><p class=\"elementor-image-box-description\">Below 1 euro per kg when leveraging solar power.<\/p><\/div><\/div>\t\t<\/div>\n\t\t\t\t<\/div>\n\t\t\t\t<div class=\"elementor-element elementor-element-18096d4 elementor-position-left animated-fast elementor-vertical-align-top elementor-invisible elementor-widget elementor-widget-image-box\" data-id=\"18096d4\" data-element_type=\"widget\" data-settings=\"{&quot;_animation&quot;:&quot;h-neuron-animation--slideUp&quot;}\" data-widget_type=\"image-box.default\">\n\t\t\t\t<div class=\"elementor-widget-container\">\n\t\t\t<div class=\"elementor-image-box-wrapper\"><figure class=\"elementor-image-box-img\"><img decoding=\"async\" src=\"https:\/\/hydrolyca.com\/wp-content\/uploads\/2024\/07\/hydrolycaWeb-home05b.svg\" class=\"attachment-full size-full wp-image-4495\" alt=\"\" \/><\/figure><div class=\"elementor-image-box-content\"><h6 class=\"elementor-image-box-title\">No Transportation<\/h6><p class=\"elementor-image-box-description\">Can be placed at offtakers\u2019 facilities, eliminating the need for transportation.<\/p><\/div><\/div>\t\t<\/div>\n\t\t\t\t<\/div>\n\t\t\t\t<div class=\"elementor-element elementor-element-c272e44 elementor-position-left animated-fast elementor-vertical-align-top elementor-invisible elementor-widget elementor-widget-image-box\" data-id=\"c272e44\" data-element_type=\"widget\" data-settings=\"{&quot;_animation&quot;:&quot;h-neuron-animation--slideUp&quot;}\" data-widget_type=\"image-box.default\">\n\t\t\t\t<div class=\"elementor-widget-container\">\n\t\t\t<div class=\"elementor-image-box-wrapper\"><figure class=\"elementor-image-box-img\"><img decoding=\"async\" src=\"https:\/\/hydrolyca.com\/wp-content\/uploads\/2024\/07\/hydrolycaWeb-home05c.svg\" class=\"attachment-full size-full wp-image-4496\" alt=\"\" \/><\/figure><div class=\"elementor-image-box-content\"><h6 class=\"elementor-image-box-title\">Unpurified Water<\/h6><p class=\"elementor-image-box-description\">It works with standard (i.e., unpurified) water.<\/p><\/div><\/div>\t\t<\/div>\n\t\t\t\t<\/div>\n\t\t\t\t<\/div>\n\t\t\t\t\t<\/div>\n\t\t\t\t<\/div>\n\t\t\t\t<\/div>\n\t\t<div class=\"elementor-element elementor-element-6220d99 animated-fast e-flex e-con-boxed elementor-invisible e-con e-parent\" data-id=\"6220d99\" data-element_type=\"container\" data-settings=\"{&quot;background_background&quot;:&quot;classic&quot;,&quot;animation&quot;:&quot;h-neuron-animation--slideUp&quot;}\">\n\t\t\t\t\t<div class=\"e-con-inner\">\n\t\t\t\t<div class=\"elementor-element elementor-element-2be44a5 elementor-widget elementor-widget-heading\" data-id=\"2be44a5\" data-element_type=\"widget\" data-widget_type=\"heading.default\">\n\t\t\t\t<div class=\"elementor-widget-container\">\n\t\t\t<span class=\"elementor-heading-title elementor-size-default\"><svg width=\"9\" height=\"10\" viewbox=\"0 0 9 10\" fill=\"none\" xmlns=\"http:\/\/www.w3.org\/2000\/svg\">\n<circle cx=\"4.5\" cy=\"5\" r=\"4\" stroke=\"#3D5A80\"\/>\n<\/svg> OUR PURPOSE<\/span>\t\t<\/div>\n\t\t\t\t<\/div>\n\t\t\t\t<div class=\"elementor-element elementor-element-13376b7 elementor-widget elementor-widget-heading\" data-id=\"13376b7\" data-element_type=\"widget\" data-widget_type=\"heading.default\">\n\t\t\t\t<div class=\"elementor-widget-container\">\n\t\t\t<h5 class=\"elementor-heading-title elementor-size-default translation-block\">Hydrolyca's technology marks the beginning of a <strong>new era<\/strong> where green hydrogen can finally replace the use of fossil fuels in industry and transportation.<\/h5>\t\t<\/div>\n\t\t\t\t<\/div>\n\t\t\t\t\t<\/div>\n\t\t\t\t<\/div>\n\t\t\t\t<\/div>","protected":false},"excerpt":{"rendered":"<p>Hidr\u00f3geno verde a menos de 1 \u20ac\/kg: la clave para la descarbonizaci\u00f3n mundial Nuestra revolucionaria tecnolog\u00eda permite producir hidr\u00f3geno limpio por debajo de 1 \u20ac por kg mediante la term\u00f3lisis del agua. Esto allana el camino para una sustituci\u00f3n realista de los combustibles f\u00f3siles. M\u00c1S SOBRE NOSOTROS Nuestra misi\u00f3n: ser la soluci\u00f3n l\u00edder para la&#8230;<\/p>","protected":false},"author":1,"featured_media":0,"parent":0,"menu_order":0,"comment_status":"closed","ping_status":"closed","template":"","meta":{"footnotes":""},"class_list":["post-4300","page","type-page","status-publish","hentry"],"_links":{"self":[{"href":"https:\/\/hydrolyca.com\/en\/wp-json\/wp\/v2\/pages\/4300","targetHints":{"allow":["GET"]}}],"collection":[{"href":"https:\/\/hydrolyca.com\/en\/wp-json\/wp\/v2\/pages"}],"about":[{"href":"https:\/\/hydrolyca.com\/en\/wp-json\/wp\/v2\/types\/page"}],"author":[{"embeddable":true,"href":"https:\/\/hydrolyca.com\/en\/wp-json\/wp\/v2\/users\/1"}],"replies":[{"embeddable":true,"href":"https:\/\/hydrolyca.com\/en\/wp-json\/wp\/v2\/comments?post=4300"}],"version-history":[{"count":418,"href":"https:\/\/hydrolyca.com\/en\/wp-json\/wp\/v2\/pages\/4300\/revisions"}],"predecessor-version":[{"id":6382,"href":"https:\/\/hydrolyca.com\/en\/wp-json\/wp\/v2\/pages\/4300\/revisions\/6382"}],"wp:attachment":[{"href":"https:\/\/hydrolyca.com\/en\/wp-json\/wp\/v2\/media?parent=4300"}],"curies":[{"name":"wp","href":"https:\/\/api.w.org\/{rel}","templated":true}]}}