{"id":4542,"date":"2024-07-21T12:39:48","date_gmt":"2024-07-21T10:39:48","guid":{"rendered":"https:\/\/hydrolyca.com\/?page_id=4542"},"modified":"2024-08-23T00:33:36","modified_gmt":"2024-08-22T22:33:36","slug":"politica-cookies","status":"publish","type":"page","link":"https:\/\/hydrolyca.com\/en\/politica-cookies\/","title":{"rendered":"Cookie Policy"},"content":{"rendered":"<div data-elementor-type=\"wp-page\" data-elementor-id=\"4542\" class=\"elementor elementor-4542\">\n\t\t\t\t<div class=\"elementor-element elementor-element-4835c96 e-flex e-con-boxed e-con e-parent\" data-id=\"4835c96\" data-element_type=\"container\">\n\t\t\t\t\t<div class=\"e-con-inner\">\n\t\t\t\t<div class=\"elementor-element elementor-element-6751e66 animated-fast elementor-invisible elementor-widget elementor-widget-neuron-breadcrumbs\" data-id=\"6751e66\" data-element_type=\"widget\" data-settings=\"{&quot;_animation&quot;:&quot;h-neuron-animation--slideUp&quot;}\" data-widget_type=\"neuron-breadcrumbs.default\">\n\t\t\t\t<div class=\"elementor-widget-container\">\n\t\t\t\r\n\t\t\t<div class=\"m-neuron-breadcrumbs\" aria-label=\"You are here:\">\r\n\t\t\t\t<span class=\"m-neuron-breadcrumbs__item\"><a href=\"https:\/\/hydrolyca.com\/en\/\">Home<\/a><\/span> <span class=\"m-neuron-breadcrumbs__separator\"> <\/span> <span class=\"m-neuron-breadcrumbs__item\" aria-current=\"page\">Cookie Policy<\/span>\t\t\t<\/div>\r\n\r\n\t\t   \t\t<\/div>\n\t\t\t\t<\/div>\n\t\t\t\t<div class=\"elementor-element elementor-element-391103f elementor-widget elementor-widget-heading\" data-id=\"391103f\" data-element_type=\"widget\" data-widget_type=\"heading.default\">\n\t\t\t\t<div class=\"elementor-widget-container\">\n\t\t\t<style>\/*! elementor - v3.23.0 - 05-08-2024 *\/\n.elementor-heading-title{padding:0;margin:0;line-height:1}.elementor-widget-heading .elementor-heading-title[class*=elementor-size-]>a{color:inherit;font-size:inherit;line-height:inherit}.elementor-widget-heading .elementor-heading-title.elementor-size-small{font-size:15px}.elementor-widget-heading .elementor-heading-title.elementor-size-medium{font-size:19px}.elementor-widget-heading .elementor-heading-title.elementor-size-large{font-size:29px}.elementor-widget-heading .elementor-heading-title.elementor-size-xl{font-size:39px}.elementor-widget-heading .elementor-heading-title.elementor-size-xxl{font-size:59px}<\/style><h5 class=\"elementor-heading-title elementor-size-default\">Cookie Policy<\/h5>\t\t<\/div>\n\t\t\t\t<\/div>\n\t\t\t\t\t<\/div>\n\t\t\t\t<\/div>\n\t\t<div class=\"elementor-element elementor-element-7a8ad048 e-flex e-con-boxed e-con e-parent\" data-id=\"7a8ad048\" data-element_type=\"container\">\n\t\t\t\t\t<div class=\"e-con-inner\">\n\t\t\t\t<div class=\"elementor-element elementor-element-9afdaf8 elementor-widget elementor-widget-text-editor\" data-id=\"9afdaf8\" data-element_type=\"widget\" data-widget_type=\"text-editor.default\">\n\t\t\t\t<div class=\"elementor-widget-container\">\n\t\t\t<style>\/*! elementor - v3.23.0 - 05-08-2024 *\/\n.elementor-widget-text-editor.elementor-drop-cap-view-stacked .elementor-drop-cap{background-color:#69727d;color:#fff}.elementor-widget-text-editor.elementor-drop-cap-view-framed .elementor-drop-cap{color:#69727d;border:3px solid;background-color:transparent}.elementor-widget-text-editor:not(.elementor-drop-cap-view-default) .elementor-drop-cap{margin-top:8px}.elementor-widget-text-editor:not(.elementor-drop-cap-view-default) .elementor-drop-cap-letter{width:1em;height:1em}.elementor-widget-text-editor .elementor-drop-cap{float:left;text-align:center;line-height:1;font-size:50px}.elementor-widget-text-editor .elementor-drop-cap-letter{display:inline-block}<\/style>\t\t\t\t<p>Hydrolyca Energy Systems S.L. uses cookies to improve and optimize the user experience with our content and to create statistics on the visits we receive.<\/p><p>This page explains what cookies are and the types of cookies we use, that is, the information we collect using cookies and how that information is used, and how to control cookie preferences.<\/p><p class=\" translation-block\">For more information on how we use, store and keep your personal data safe, please refer to our <a href=\"\/en\/politica-privacidad\" target=\"_self\"><u>Privacy Policy<\/u><\/a>.<\/p><p>\u00a0<\/p><p><strong>WHAT ARE COOKIES?<\/strong><\/p><p>Cookies are small text files that are used to store small pieces of information. They are stored on your device when the website loads in your browser. These cookies help us make the website work properly, make it more secure, provide a better user experience, understand how the website works, and analyze what works and where it needs improvement.<\/p><p>\u00a0<\/p><p><strong>WHAT TYPES OF COOKIES DOES THIS WEBSITE USE?<\/strong><\/p><p class=\" translation-block\"><strong>- Technically Necessary Cookies.<\/strong> These cookies are essential for the website to function properly. They are the cookies necessary to provide the requested service and to remember the configuration preferences.<\/p><p class=\" translation-block\"><strong>- Analytical Cookies<\/strong>. Analytical cookies are used to understand how visitors interact with the website. These cookies help provide information about metrics, the number of visitors, the bounce rate, the source of traffic, etc.<\/p><p class=\" translation-block\"><strong>- Performance Cookies<\/strong>. Performance cookies are used to understand and analyze the website's key performance indicators, which helps provide a better user experience for visitors.<\/p><p class=\" translation-block\"><strong>- Necessary Cookies<\/strong>. Necessary cookies are crucial for the basic functions of the website and the website will not work as expected without them. These cookies do not store any personally identifiable information.<\/p><table width=\"621\"><tbody><tr><td width=\"138\"><strong>Cookies<\/strong><\/td><td width=\"79\"><strong>Duration<\/strong><\/td><td width=\"404\"><strong>Description<\/strong><\/td><\/tr><tr><td width=\"138\">_GRECAPTCHA<\/td><td width=\"79\">5 months 27 days<\/td><td width=\"404\">This cookie is set by Google's Recaptcha service to identify bots and protect the website from malicious spam attacks.<\/td><\/tr><tr><td width=\"138\">PHPSESSID<\/td><td width=\"79\">session<\/td><td width=\"404\">This cookie is native to PHP applications. The cookie stores and identifies a user's unique session ID to manage user sessions on the website. The cookie is session-based and will be deleted when all browser windows are closed.<\/td><\/tr><tr><td width=\"138\">cookieyes-consent<\/td><td width=\"79\">1 year<\/td><td width=\"404\">This cookie is set by CookieYes to remember the consent preferences of users, so that their preferences are respected on subsequent visits to this site. It does not collect or store any personal information about site visitors.<\/td><\/tr><\/tbody><\/table><p class=\" translation-block\"><strong>- Analytical Cookies<\/strong>. Analytical cookies are used to understand how visitors interact with the website. These cookies help provide information about metrics such as the number of visitors, bounce rate, traffic source, etc.<\/p><table width=\"621\"><tbody><tr><td width=\"138\"><strong>Cookies<\/strong><\/td><td width=\"79\"><strong>Duration<\/strong><\/td><td width=\"404\"><strong>Description<\/strong><\/td><\/tr><tr><td width=\"138\">prism_*<\/td><td width=\"79\">1 month<\/td><td width=\"404\">MailChimp sets this cookie to track and store interactions.<\/td><\/tr><\/tbody><\/table><p class=\" translation-block\"><strong>- Performance Cookies<\/strong>. Performance cookies are used to understand and analyze the website's key performance indicators, which helps provide a better user experience for visitors.<\/p><table width=\"621\"><tbody><tr><td width=\"138\"><strong>Cookies<\/strong><\/td><td width=\"79\"><strong>Duration<\/strong><\/td><td width=\"404\"><strong>Description<\/strong><\/td><\/tr><tr><td width=\"138\">ac_enable_tracking<\/td><td width=\"79\">1 month<\/td><td width=\"404\">This cookie is set by MailChimp to denote that traffic is enabled for the website.<\/td><\/tr><\/tbody><\/table><p class=\" translation-block\"><strong>- Uncategorized Cookies<\/strong>. Other uncategorized cookies are those that are being analyzed and have not yet been classified into a category.<\/p><table width=\"621\"><tbody><tr><td width=\"167\"><strong>Cookies<\/strong><\/td><td width=\"81\"><strong>Duration<\/strong><\/td><td width=\"373\"><strong>Description<\/strong><\/td><\/tr><tr><td width=\"167\">breakdance_view_count<\/td><td width=\"81\">session<\/td><td width=\"373\">Description is currently not available.<\/td><\/tr><tr><td width=\"167\">breakdance_session_count<\/td><td width=\"81\">session<\/td><td width=\"373\">Description is currently not available.<\/td><\/tr><tr><td width=\"167\">breakdance_last_session_id<\/td><td width=\"81\">session<\/td><td width=\"373\">Description is currently not available.<\/td><\/tr><\/tbody><\/table><p>In no case do we obtain information about the user's personal data, guaranteeing the privacy of people who browse the web.<\/p><p>\u00a0<\/p><p><strong>CONSENT AND AUTHORIZATION FOR THE USE OF COOKIES<\/strong><\/p><p>Upon accessing this website for the first time, you will see a space or banner informing you about the use of cookies and where you can consult this cookie policy through a link. If you consent to the use of cookies, continue browsing using the scroll bar or click on any link (accept) as appropriate, it will be understood that you have consented to our cookie policy and, therefore, the acceptance for the installation of the same on your computer or device, except to the extent that you have modified your browser settings to reject their use.<\/p><p>\u00a0<\/p><p><strong>HOW TO DISABLE OUR COOKIES (OR ANY OTHER COOKIES)?<\/strong><\/p><p>While most browsers accept cookies automatically, you can modify your browser settings to allow, block, or delete cookies installed on your computer.<\/p><p class=\" translation-block\">How to configure cookies in <a href=\"https:\/\/support.microsoft.com\/es-es\/windows\/administrar-cookies-en-microsoft-edge-ver-permitir-bloquear-eliminar-y-usar-168dab11-0753-043d-7c16-ede5947fc64d\" target=\"_self\"><u>Microsoft Edge?<\/u><\/a>?<\/p><p class=\" translation-block\">How to configure cookies in <a href=\"https:\/\/support.google.com\/chrome\/answer\/95647?hl=es&amp;co=GENIE.PlatformDesktop&amp;sjid=5159910237292677359-EU\" target=\"_self\"><u>Google Chrome<\/u><\/a>?<\/p><p class=\" translation-block\">How to configure cookies in <a href=\"https:\/\/support.mozilla.org\/es\/kb\/cookies-informacion-que-los-sitios-web-guardan-en-#w_configurar-las-cookies\" target=\"_self\"><u>Firefox<\/u><\/a>?<\/p><p class=\" translation-block\">How to configure cookies in <a href=\"https:\/\/support.apple.com\/es-es\/guide\/safari\/ibrw850f6c51\/mac\" target=\"_self\"><u>Safari<\/u><\/a>?<\/p><p class=\" translation-block\"><a href=\"https:\/\/support.apple.com\/es-es\/105082\" target=\"_self\"><u>Safari for iOS<\/u><\/a> (iPhone y iPad)<\/p><p class=\" translation-block\"><a href=\"https:\/\/support.google.com\/chrome\/answer\/95647?hl=es&amp;co=GENIE.PlatformiOS\" target=\"_self\"><u>Google Chrome for iOS<\/u><\/a> (iPhone y Ipad)<\/p><p><a href=\"https:\/\/support.google.com\/chrome\/answer\/95647?hl=es&amp;co=GENIE.Platform%3DAndroid&amp;oco=2\"><u>Google Chrome for Android<\/u><\/a><\/p><p>\u00a0<\/p><p><strong>CHANGES TO THE PRIVACY \/ COOKIE POLICY<\/strong><\/p><p>The website may modify this Cookie and Privacy Policy based on legislative, regulatory requirements, or in order to adapt said policy to the instructions issued by the Spanish Data Protection Agency. Therefore, Users are advised to visit it periodically.<\/p><p class=\" translation-block\">When significant changes are made to this Cookie Policy, Users will be notified through the website <u><a href=\"\/\" target=\"_self\">www.hydrolyca.es.<\/a><\/u><\/p>\t\t\t\t\t\t<\/div>\n\t\t\t\t<\/div>\n\t\t\t\t\t<\/div>\n\t\t\t\t<\/div>\n\t\t\t\t<\/div>","protected":false},"excerpt":{"rendered":"<p>Inicio Pol\u00edtica de cookies Pol\u00edtica de cookies Hydrolyca Energy Systems, S.L. utiliza cookies para mejorar y optimizar la experiencia del usuario con nuestro contenido y para poder crear estad\u00edsticas de las visitas que recibimos. Esta p\u00e1gina explica qu\u00e9 son las cookies y los tipos de cookies que usamos, es decir, la informaci\u00f3n que recopilamos usando&#8230;<\/p>","protected":false},"author":1,"featured_media":0,"parent":0,"menu_order":0,"comment_status":"closed","ping_status":"closed","template":"","meta":{"footnotes":""},"class_list":["post-4542","page","type-page","status-publish","hentry"],"_links":{"self":[{"href":"https:\/\/hydrolyca.com\/en\/wp-json\/wp\/v2\/pages\/4542","targetHints":{"allow":["GET"]}}],"collection":[{"href":"https:\/\/hydrolyca.com\/en\/wp-json\/wp\/v2\/pages"}],"about":[{"href":"https:\/\/hydrolyca.com\/en\/wp-json\/wp\/v2\/types\/page"}],"author":[{"embeddable":true,"href":"https:\/\/hydrolyca.com\/en\/wp-json\/wp\/v2\/users\/1"}],"replies":[{"embeddable":true,"href":"https:\/\/hydrolyca.com\/en\/wp-json\/wp\/v2\/comments?post=4542"}],"version-history":[{"count":73,"href":"https:\/\/hydrolyca.com\/en\/wp-json\/wp\/v2\/pages\/4542\/revisions"}],"predecessor-version":[{"id":6340,"href":"https:\/\/hydrolyca.com\/en\/wp-json\/wp\/v2\/pages\/4542\/revisions\/6340"}],"wp:attachment":[{"href":"https:\/\/hydrolyca.com\/en\/wp-json\/wp\/v2\/media?parent=4542"}],"curies":[{"name":"wp","href":"https:\/\/api.w.org\/{rel}","templated":true}]}}