{"id":4240,"date":"2024-07-20T10:06:52","date_gmt":"2024-07-20T08:06:52","guid":{"rendered":"https:\/\/hydrolyca.com\/?page_id=4240"},"modified":"2025-12-19T07:45:16","modified_gmt":"2025-12-19T06:45:16","slug":"nosotros","status":"publish","type":"page","link":"https:\/\/hydrolyca.com\/es\/nosotros\/","title":{"rendered":"Nosotros"},"content":{"rendered":"\t\t<div data-elementor-type=\"wp-page\" data-elementor-id=\"4240\" class=\"elementor elementor-4240\">\n\t\t\t\t<div class=\"elementor-element elementor-element-0144285 animated-fast e-flex e-con-boxed elementor-invisible e-con e-parent\" data-id=\"0144285\" data-element_type=\"container\" data-settings=\"{&quot;animation&quot;:&quot;h-neuron-animation--slideUp&quot;}\">\n\t\t\t\t\t<div class=\"e-con-inner\">\n\t\t\t\t<div class=\"elementor-element elementor-element-9b8b90d elementor-widget elementor-widget-neuron-breadcrumbs\" data-id=\"9b8b90d\" data-element_type=\"widget\" data-widget_type=\"neuron-breadcrumbs.default\">\n\t\t\t\t<div class=\"elementor-widget-container\">\n\t\t\t\r\n\t\t\t<div class=\"m-neuron-breadcrumbs\" aria-label=\"You are here:\">\r\n\t\t\t\t<span class=\"m-neuron-breadcrumbs__item\"><a href=\"\/\">Inicio<\/a><\/span> <span class=\"m-neuron-breadcrumbs__separator\"> <\/span> <span class=\"m-neuron-breadcrumbs__item\" aria-current=\"page\">Nosotros<\/span>\t\t\t<\/div>\r\n\r\n\t\t   \t\t<\/div>\n\t\t\t\t<\/div>\n\t\t<div class=\"elementor-element elementor-element-46969a2 animated-fast e-con-full e-flex elementor-invisible e-con e-child\" data-id=\"46969a2\" data-element_type=\"container\" data-settings=\"{&quot;animation&quot;:&quot;h-neuron-animation--slideUp&quot;}\">\n\t\t<div class=\"elementor-element elementor-element-4127f22 e-con-full e-flex e-con e-child\" data-id=\"4127f22\" data-element_type=\"container\">\n\t\t\t\t<div class=\"elementor-element elementor-element-e0397e3 elementor-widget elementor-widget-heading\" data-id=\"e0397e3\" data-element_type=\"widget\" data-widget_type=\"heading.default\">\n\t\t\t\t<div class=\"elementor-widget-container\">\n\t\t\t<style>\/*! elementor - v3.23.0 - 05-08-2024 *\/\n.elementor-heading-title{padding:0;margin:0;line-height:1}.elementor-widget-heading .elementor-heading-title[class*=elementor-size-]>a{color:inherit;font-size:inherit;line-height:inherit}.elementor-widget-heading .elementor-heading-title.elementor-size-small{font-size:15px}.elementor-widget-heading .elementor-heading-title.elementor-size-medium{font-size:19px}.elementor-widget-heading .elementor-heading-title.elementor-size-large{font-size:29px}.elementor-widget-heading .elementor-heading-title.elementor-size-xl{font-size:39px}.elementor-widget-heading .elementor-heading-title.elementor-size-xxl{font-size:59px}<\/style><h5 class=\"elementor-heading-title elementor-size-default\"><span style=\"color:#07a779;\"><strong>Hydrolyca<\/strong><\/span>: la nueva era del hidr\u00f3geno verde\n<\/h5>\t\t<\/div>\n\t\t\t\t<\/div>\n\t\t\t\t<div class=\"elementor-element elementor-element-8a87fa4 elementor-widget elementor-widget-text-editor\" data-id=\"8a87fa4\" data-element_type=\"widget\" data-widget_type=\"text-editor.default\">\n\t\t\t\t<div class=\"elementor-widget-container\">\n\t\t\t<style>\/*! elementor - v3.23.0 - 05-08-2024 *\/\n.elementor-widget-text-editor.elementor-drop-cap-view-stacked .elementor-drop-cap{background-color:#69727d;color:#fff}.elementor-widget-text-editor.elementor-drop-cap-view-framed .elementor-drop-cap{color:#69727d;border:3px solid;background-color:transparent}.elementor-widget-text-editor:not(.elementor-drop-cap-view-default) .elementor-drop-cap{margin-top:8px}.elementor-widget-text-editor:not(.elementor-drop-cap-view-default) .elementor-drop-cap-letter{width:1em;height:1em}.elementor-widget-text-editor .elementor-drop-cap{float:left;text-align:center;line-height:1;font-size:50px}.elementor-widget-text-editor .elementor-drop-cap-letter{display:inline-block}<\/style>\t\t\t\t<p>Thomas Edison no invent\u00f3 la bombilla, pero revolucion\u00f3 la iluminaci\u00f3n y cambi\u00f3 el mundo al perfeccionar el dise\u00f1o de Warren de la Rue. En el proceso, cre\u00f3 una de las empresas m\u00e1s grandes de todos los tiempos: General Electric.<\/p>\t\t\t\t\t\t<\/div>\n\t\t\t\t<\/div>\n\t\t\t\t<div class=\"elementor-element elementor-element-b7af08c elementor-widget elementor-widget-text-editor\" data-id=\"b7af08c\" data-element_type=\"widget\" data-widget_type=\"text-editor.default\">\n\t\t\t\t<div class=\"elementor-widget-container\">\n\t\t\t\t\t\t\t<p>Al igual que Edison, los cient\u00edficos de <strong>Hydrolyca<\/strong>, aprovechando d\u00e9cadas de experiencia en el desarrollo de materiales resistentes a la radiaci\u00f3n para reactores nucleares, est\u00e1n revolucionando la producci\u00f3n de hidr\u00f3geno limpio al abordar las limitaciones de intentos previos en ciclos termoqu\u00edmicos de separaci\u00f3n del agua. Esta tecnolog\u00eda innovadora tambi\u00e9n supera los m\u00e9todos actuales basados en la electr\u00f3lisis, que resultan poco econ\u00f3micos.<\/p>\t\t\t\t\t\t<\/div>\n\t\t\t\t<\/div>\n\t\t\t\t<div class=\"elementor-element elementor-element-1528ef9 elementor-widget elementor-widget-text-editor\" data-id=\"1528ef9\" data-element_type=\"widget\" data-widget_type=\"text-editor.default\">\n\t\t\t\t<div class=\"elementor-widget-container\">\n\t\t\t\t\t\t\t<p>En resumen, la tecnolog\u00eda patentada de <strong>Hydrolyca<\/strong> inaugura una nueva era en la que, por fin, el hidr\u00f3geno verde puede reemplazar a los combustibles f\u00f3siles impulsando la descarbonizaci\u00f3n del planeta.<\/p>\t\t\t\t\t\t<\/div>\n\t\t\t\t<\/div>\n\t\t\t\t<\/div>\n\t\t<div class=\"elementor-element elementor-element-f0e699e e-con-full e-flex e-con e-child\" data-id=\"f0e699e\" data-element_type=\"container\" data-settings=\"{&quot;background_background&quot;:&quot;classic&quot;}\">\n\t\t\t\t<div class=\"elementor-element elementor-element-fc30d3e elementor-widget elementor-widget-image\" data-id=\"fc30d3e\" data-element_type=\"widget\" data-widget_type=\"image.default\">\n\t\t\t\t<div class=\"elementor-widget-container\">\n\t\t\t<style>\/*! elementor - v3.23.0 - 05-08-2024 *\/\n.elementor-widget-image{text-align:center}.elementor-widget-image a{display:inline-block}.elementor-widget-image a img[src$=\".svg\"]{width:48px}.elementor-widget-image img{vertical-align:middle;display:inline-block}<\/style>\t\t\t\t\t\t\t\t\t\t<img fetchpriority=\"high\" decoding=\"async\" width=\"1024\" height=\"980\" src=\"https:\/\/hydrolyca.com\/wp-content\/uploads\/2024\/07\/hydrolycaWeb-about01-1024x980.png\" class=\"attachment-large size-large wp-image-4044\" alt=\"\" srcset=\"https:\/\/hydrolyca.com\/wp-content\/uploads\/2024\/07\/hydrolycaWeb-about01-1024x980.png 1024w, https:\/\/hydrolyca.com\/wp-content\/uploads\/2024\/07\/hydrolycaWeb-about01-300x287.png 300w, https:\/\/hydrolyca.com\/wp-content\/uploads\/2024\/07\/hydrolycaWeb-about01-768x735.png 768w, https:\/\/hydrolyca.com\/wp-content\/uploads\/2024\/07\/hydrolycaWeb-about01.png 1200w\" sizes=\"(max-width: 1024px) 100vw, 1024px\" \/>\t\t\t\t\t\t\t\t\t\t\t\t\t<\/div>\n\t\t\t\t<\/div>\n\t\t\t\t<\/div>\n\t\t\t\t<\/div>\n\t\t\t\t\t<\/div>\n\t\t\t\t<\/div>\n\t\t<div class=\"elementor-element elementor-element-fcab0d3 e-con-full animated-fast e-flex elementor-invisible e-con e-parent\" data-id=\"fcab0d3\" data-element_type=\"container\" data-settings=\"{&quot;background_background&quot;:&quot;classic&quot;,&quot;animation&quot;:&quot;h-neuron-animation--slideUp&quot;}\">\n\t\t\t\t<div class=\"elementor-element elementor-element-c35dc3e elementor-widget elementor-widget-menu-anchor\" data-id=\"c35dc3e\" data-element_type=\"widget\" data-widget_type=\"menu-anchor.default\">\n\t\t\t\t<div class=\"elementor-widget-container\">\n\t\t\t<style>\/*! elementor - v3.23.0 - 05-08-2024 *\/\nbody.elementor-page .elementor-widget-menu-anchor{margin-bottom:0}<\/style>\t\t<div class=\"elementor-menu-anchor\" id=\"hitos\"><\/div>\n\t\t\t\t<\/div>\n\t\t\t\t<\/div>\n\t\t<div class=\"elementor-element elementor-element-ac9997f e-flex e-con-boxed e-con e-child\" data-id=\"ac9997f\" data-element_type=\"container\" data-settings=\"{&quot;background_background&quot;:&quot;classic&quot;}\">\n\t\t\t\t\t<div class=\"e-con-inner\">\n\t\t\t\t<div class=\"elementor-element elementor-element-1e4536e elementor-widget-tablet__width-initial elementor-widget elementor-widget-heading\" data-id=\"1e4536e\" data-element_type=\"widget\" data-widget_type=\"heading.default\">\n\t\t\t\t<div class=\"elementor-widget-container\">\n\t\t\t<h5 class=\"elementor-heading-title elementor-size-default\">Principales hitos<\/h5>\t\t<\/div>\n\t\t\t\t<\/div>\n\t\t\t\t<div class=\"elementor-element elementor-element-6e41008 elementor-widget elementor-widget-image\" data-id=\"6e41008\" data-element_type=\"widget\" data-widget_type=\"image.default\">\n\t\t\t\t<div class=\"elementor-widget-container\">\n\t\t\t\t\t\t\t\t\t\t\t\t\t<img decoding=\"async\" width=\"1800\" height=\"566\" src=\"https:\/\/hydrolyca.com\/wp-content\/uploads\/2025\/12\/Hydrolyca-Timeline-Desktop-English.png\" class=\"attachment-full size-full wp-image-6438\" alt=\"\" srcset=\"https:\/\/hydrolyca.com\/wp-content\/uploads\/2025\/12\/Hydrolyca-Timeline-Desktop-English.png 1800w, https:\/\/hydrolyca.com\/wp-content\/uploads\/2025\/12\/Hydrolyca-Timeline-Desktop-English-300x94.png 300w, https:\/\/hydrolyca.com\/wp-content\/uploads\/2025\/12\/Hydrolyca-Timeline-Desktop-English-1024x322.png 1024w, https:\/\/hydrolyca.com\/wp-content\/uploads\/2025\/12\/Hydrolyca-Timeline-Desktop-English-768x241.png 768w, https:\/\/hydrolyca.com\/wp-content\/uploads\/2025\/12\/Hydrolyca-Timeline-Desktop-English-1536x483.png 1536w, https:\/\/hydrolyca.com\/wp-content\/uploads\/2025\/12\/Hydrolyca-Timeline-Desktop-English-18x6.png 18w\" sizes=\"(max-width: 1800px) 100vw, 1800px\" \/>\t\t\t\t\t\t\t\t\t\t\t\t\t<\/div>\n\t\t\t\t<\/div>\n\t\t\t\t\t<\/div>\n\t\t\t\t<\/div>\n\t\t\t\t<\/div>\n\t\t<div class=\"elementor-element elementor-element-6ffb811 e-flex e-con-boxed e-con e-parent\" data-id=\"6ffb811\" data-element_type=\"container\">\n\t\t\t\t\t<div class=\"e-con-inner\">\n\t\t\t\t<div class=\"elementor-element elementor-element-c8086cc elementor-widget elementor-widget-menu-anchor\" data-id=\"c8086cc\" data-element_type=\"widget\" data-widget_type=\"menu-anchor.default\">\n\t\t\t\t<div class=\"elementor-widget-container\">\n\t\t\t\t\t<div class=\"elementor-menu-anchor\" id=\"equipo\"><\/div>\n\t\t\t\t<\/div>\n\t\t\t\t<\/div>\n\t\t\t\t<div class=\"elementor-element elementor-element-d1eb346 elementor-widget-tablet__width-initial elementor-widget__width-initial elementor-widget elementor-widget-heading\" data-id=\"d1eb346\" data-element_type=\"widget\" data-widget_type=\"heading.default\">\n\t\t\t\t<div class=\"elementor-widget-container\">\n\t\t\t<h5 class=\"elementor-heading-title elementor-size-default\">Equipo<\/h5>\t\t<\/div>\n\t\t\t\t<\/div>\n\t\t\t\t\t<\/div>\n\t\t\t\t<\/div>\n\t\t<div class=\"elementor-element elementor-element-4a07e6b e-con-full animated-fast e-flex elementor-invisible e-con e-parent\" data-id=\"4a07e6b\" data-element_type=\"container\" data-settings=\"{&quot;animation&quot;:&quot;h-neuron-animation--slideUp&quot;}\">\n\t\t<div class=\"elementor-element elementor-element-e9dab5b e-con-full e-flex e-con e-child\" data-id=\"e9dab5b\" data-element_type=\"container\">\n\t\t\t\t<div class=\"elementor-element elementor-element-561db9d elementor-widget elementor-widget-image\" data-id=\"561db9d\" data-element_type=\"widget\" data-widget_type=\"image.default\">\n\t\t\t\t<div class=\"elementor-widget-container\">\n\t\t\t\t\t\t\t\t\t\t\t\t\t<img decoding=\"async\" width=\"600\" height=\"600\" src=\"https:\/\/hydrolyca.com\/wp-content\/uploads\/2024\/07\/TeamWork_aRivera.png\" class=\"attachment-large size-large wp-image-4208\" alt=\"\" srcset=\"https:\/\/hydrolyca.com\/wp-content\/uploads\/2024\/07\/TeamWork_aRivera.png 600w, https:\/\/hydrolyca.com\/wp-content\/uploads\/2024\/07\/TeamWork_aRivera-300x300.png 300w, https:\/\/hydrolyca.com\/wp-content\/uploads\/2024\/07\/TeamWork_aRivera-150x150.png 150w\" sizes=\"(max-width: 600px) 100vw, 600px\" \/>\t\t\t\t\t\t\t\t\t\t\t\t\t<\/div>\n\t\t\t\t<\/div>\n\t\t\t\t<\/div>\n\t\t<div class=\"elementor-element elementor-element-2c81f67 e-con-full e-flex e-con e-child\" data-id=\"2c81f67\" data-element_type=\"container\">\n\t\t\t\t<div class=\"elementor-element elementor-element-7334737 elementor-widget__width-initial elementor-widget elementor-widget-text-editor\" data-id=\"7334737\" data-element_type=\"widget\" data-widget_type=\"text-editor.default\">\n\t\t\t\t<div class=\"elementor-widget-container\">\n\t\t\t\t\t\t\t<h6><strong>Antonio Rivera<\/strong><\/h6><p>COFUNDADOR &#8211; CEO\/CTO<\/p><p>Doctor en F\u00edsica Aplicada por la Technische Universiteit Delft (Pa\u00edses Bajos). Desde entonces, sus principales intereses de investigaci\u00f3n en la Universidad Polit\u00e9cnica de Madrid se han centrado en el hidr\u00f3geno, la detecci\u00f3n de gases, la interacci\u00f3n de gases con materiales y la energ\u00eda. Ha publicado <a href=\"https:\/\/scholar.google.es\/citations?user=IUXWKrEAAAAJ&amp;hl=es\"><u>m\u00e1s de 80 art\u00edculos con m\u00e1s de 2300 citas<\/u><\/a>, lo que le ha llevado a obtener un \u00edndice h de 25. En la actualidad se dedica al desarrollo de nuevos m\u00e9todos para la producci\u00f3n de hidr\u00f3geno verde, entusiasmado con el potencial de este combustible y su previsible impacto positivo en la econom\u00eda mundial.<\/p>\t\t\t\t\t\t<\/div>\n\t\t\t\t<\/div>\n\t\t\t\t<\/div>\n\t\t\t\t<\/div>\n\t\t<div class=\"elementor-element elementor-element-7126c2d e-con-full animated-fast e-flex elementor-invisible e-con e-parent\" data-id=\"7126c2d\" data-element_type=\"container\" data-settings=\"{&quot;animation&quot;:&quot;h-neuron-animation--slideUp&quot;}\">\n\t\t<div class=\"elementor-element elementor-element-b0707fa e-con-full e-flex e-con e-child\" data-id=\"b0707fa\" data-element_type=\"container\">\n\t\t\t\t<div class=\"elementor-element elementor-element-d81e0f7 elementor-widget elementor-widget-image\" data-id=\"d81e0f7\" data-element_type=\"widget\" data-widget_type=\"image.default\">\n\t\t\t\t<div class=\"elementor-widget-container\">\n\t\t\t\t\t\t\t\t\t\t\t\t\t<img loading=\"lazy\" decoding=\"async\" width=\"600\" height=\"600\" src=\"https:\/\/hydrolyca.com\/wp-content\/uploads\/2024\/07\/TeamWork_oPena.png\" class=\"attachment-large size-large wp-image-4379\" alt=\"\" srcset=\"https:\/\/hydrolyca.com\/wp-content\/uploads\/2024\/07\/TeamWork_oPena.png 600w, https:\/\/hydrolyca.com\/wp-content\/uploads\/2024\/07\/TeamWork_oPena-300x300.png 300w, https:\/\/hydrolyca.com\/wp-content\/uploads\/2024\/07\/TeamWork_oPena-150x150.png 150w\" sizes=\"(max-width: 600px) 100vw, 600px\" \/>\t\t\t\t\t\t\t\t\t\t\t\t\t<\/div>\n\t\t\t\t<\/div>\n\t\t\t\t<\/div>\n\t\t<div class=\"elementor-element elementor-element-ded89ee e-con-full e-flex e-con e-child\" data-id=\"ded89ee\" data-element_type=\"container\">\n\t\t\t\t<div class=\"elementor-element elementor-element-8b75eab elementor-widget__width-initial elementor-widget elementor-widget-text-editor\" data-id=\"8b75eab\" data-element_type=\"widget\" data-widget_type=\"text-editor.default\">\n\t\t\t\t<div class=\"elementor-widget-container\">\n\t\t\t\t\t\t\t<h6><strong>Ovidio Pe\u00f1a<\/strong><\/h6><p>COFUNDADOR &#8211; I+D+I<\/p><p>Ingeniero Nuclear con un doctorado en Ciencia e Ingenier\u00eda de Materiales por la Universidad Nacional Aut\u00f3noma de M\u00e9xico. Actualmente ejerce como Profesor Asociado en la Universidad Polit\u00e9cnica de Madrid. Su experiencia investigadora abarca desde la \u00f3ptica, los materiales nanoestructurados, la plasm\u00f3nica, la interacci\u00f3n radiaci\u00f3n-materia y la dispersi\u00f3n de luz. Ha publicado <a href=\"https:\/\/scholar.google.es\/citations?user=ywpdr-AAAAAJ&amp;hl=es&amp;oi=ao\"><u>m\u00e1s de 70 trabajos que han recibido m\u00e1s de 2400 citas<\/u><\/a>, resultando en un \u00edndice h de 26. En la actualidad, su investigaci\u00f3n se centra en aprovechar los avances recientes en la ciencia de los materiales para desarrollar m\u00e9todos competitivos en cuanto al costo de producci\u00f3n de hidr\u00f3geno verde.<\/p>\t\t\t\t\t\t<\/div>\n\t\t\t\t<\/div>\n\t\t\t\t<\/div>\n\t\t\t\t<\/div>\n\t\t<div class=\"elementor-element elementor-element-f620293 e-con-full animated-fast e-flex elementor-invisible e-con e-parent\" data-id=\"f620293\" data-element_type=\"container\" data-settings=\"{&quot;animation&quot;:&quot;h-neuron-animation--slideUp&quot;}\">\n\t\t<div class=\"elementor-element elementor-element-ed39c7e e-con-full e-flex e-con e-child\" data-id=\"ed39c7e\" data-element_type=\"container\">\n\t\t\t\t<div class=\"elementor-element elementor-element-7ce9e18 elementor-widget elementor-widget-image\" data-id=\"7ce9e18\" data-element_type=\"widget\" data-widget_type=\"image.default\">\n\t\t\t\t<div class=\"elementor-widget-container\">\n\t\t\t\t\t\t\t\t\t\t\t\t\t<img loading=\"lazy\" decoding=\"async\" width=\"600\" height=\"600\" src=\"https:\/\/hydrolyca.com\/wp-content\/uploads\/2024\/07\/TeamWork_dGaroz.png\" class=\"attachment-large size-large wp-image-4380\" alt=\"\" srcset=\"https:\/\/hydrolyca.com\/wp-content\/uploads\/2024\/07\/TeamWork_dGaroz.png 600w, https:\/\/hydrolyca.com\/wp-content\/uploads\/2024\/07\/TeamWork_dGaroz-300x300.png 300w, https:\/\/hydrolyca.com\/wp-content\/uploads\/2024\/07\/TeamWork_dGaroz-150x150.png 150w\" sizes=\"(max-width: 600px) 100vw, 600px\" \/>\t\t\t\t\t\t\t\t\t\t\t\t\t<\/div>\n\t\t\t\t<\/div>\n\t\t\t\t<\/div>\n\t\t<div class=\"elementor-element elementor-element-9d61a97 e-con-full e-flex e-con e-child\" data-id=\"9d61a97\" data-element_type=\"container\">\n\t\t\t\t<div class=\"elementor-element elementor-element-55ec410 elementor-widget__width-initial elementor-widget elementor-widget-text-editor\" data-id=\"55ec410\" data-element_type=\"widget\" data-widget_type=\"text-editor.default\">\n\t\t\t\t<div class=\"elementor-widget-container\">\n\t\t\t\t\t\t\t<h6><strong>David Garoz<\/strong><\/h6><p>COFUNDADOR &#8211; I+D+I<\/p><p>Ingeniero Aeron\u00e1utico con un doctorado en Ingenier\u00eda Aeron\u00e1utica por la Universidad Polit\u00e9cnica de Madrid. Actualmente ejerce en ese centro de estudios como Profesor Asociado. Su trayectoria como investigador abarca el modelado por elementos finitos, la simulaci\u00f3n termomec\u00e1nica bajo flujos de radiaci\u00f3n y el estudio de da\u00f1os en materiales compuestos. Ha publicado <a href=\"https:\/\/scholar.google.es\/citations?user=vFEaENgAAAAJ&amp;hl=es&amp;oi=ao\"><u>m\u00e1s de 40 trabajos que han recibido m\u00e1s de 600 citas<\/u><\/a>, dando como resultado un \u00edndice h de 14. Impulsado por su pasi\u00f3n por la ciencia y la creatividad, aspira a avanzar en la investigaci\u00f3n sobre el hidr\u00f3geno verde y contribuir a un futuro m\u00e1s sostenible.<\/p>\t\t\t\t\t\t<\/div>\n\t\t\t\t<\/div>\n\t\t\t\t<\/div>\n\t\t\t\t<\/div>\n\t\t<div class=\"elementor-element elementor-element-1094449 e-con-full animated-fast e-flex elementor-invisible e-con e-parent\" data-id=\"1094449\" data-element_type=\"container\" data-settings=\"{&quot;animation&quot;:&quot;h-neuron-animation--slideUp&quot;}\">\n\t\t<div class=\"elementor-element elementor-element-cdbe786 e-con-full e-flex e-con e-child\" data-id=\"cdbe786\" data-element_type=\"container\">\n\t\t\t\t<div class=\"elementor-element elementor-element-f749aa4 elementor-widget elementor-widget-image\" data-id=\"f749aa4\" data-element_type=\"widget\" data-widget_type=\"image.default\">\n\t\t\t\t<div class=\"elementor-widget-container\">\n\t\t\t\t\t\t\t\t\t\t\t\t\t<img loading=\"lazy\" decoding=\"async\" width=\"600\" height=\"600\" src=\"https:\/\/hydrolyca.com\/wp-content\/uploads\/2024\/07\/TeamWork_jGuardo.png\" class=\"attachment-large size-large wp-image-4381\" alt=\"\" srcset=\"https:\/\/hydrolyca.com\/wp-content\/uploads\/2024\/07\/TeamWork_jGuardo.png 600w, https:\/\/hydrolyca.com\/wp-content\/uploads\/2024\/07\/TeamWork_jGuardo-300x300.png 300w, https:\/\/hydrolyca.com\/wp-content\/uploads\/2024\/07\/TeamWork_jGuardo-150x150.png 150w\" sizes=\"(max-width: 600px) 100vw, 600px\" \/>\t\t\t\t\t\t\t\t\t\t\t\t\t<\/div>\n\t\t\t\t<\/div>\n\t\t\t\t<\/div>\n\t\t<div class=\"elementor-element elementor-element-f847792 e-con-full e-flex e-con e-child\" data-id=\"f847792\" data-element_type=\"container\">\n\t\t\t\t<div class=\"elementor-element elementor-element-e2f196b elementor-widget__width-initial elementor-widget elementor-widget-text-editor\" data-id=\"e2f196b\" data-element_type=\"widget\" data-widget_type=\"text-editor.default\">\n\t\t\t\t<div class=\"elementor-widget-container\">\n\t\t\t\t\t\t\t<h6><strong>Javier Guardo<\/strong><\/h6><p>COFUNDADOR &#8211; ASESOR<\/p><p><a href=\"https:\/\/www.linkedin.com\/in\/javier-guardo-1724a214\"><u>Emprendedor y &#8216;business angel&#8217;<\/u><\/a> con formaci\u00f3n en finanzas y gesti\u00f3n empresarial. Anteriormente, se desempe\u00f1\u00f3 como jefe de Alternative Research en Citi. Se gradu\u00f3 en Derecho y Ciencias Empresariales en la\u00a0 Universidad Pontificia de Comillas (ICADE) y obtuvo un MBA en la NYU Stern School of Business. Siente pasi\u00f3n por las ideas y tecnolog\u00edas que pueden cambiar el mundo y por contribuir a los equipos que las ejecutan.<\/p>\t\t\t\t\t\t<\/div>\n\t\t\t\t<\/div>\n\t\t\t\t<\/div>\n\t\t\t\t<\/div>\n\t\t<div class=\"elementor-element elementor-element-948dcd9 e-con-full n-construo-container--narrow animated-fast e-flex elementor-invisible e-con e-parent\" data-id=\"948dcd9\" data-element_type=\"container\" data-settings=\"{&quot;background_background&quot;:&quot;classic&quot;,&quot;animation&quot;:&quot;h-neuron-animation--slideUp&quot;}\">\n\t\t\t\t<div class=\"elementor-element elementor-element-d4ce2d7 elementor-widget elementor-widget-heading\" data-id=\"d4ce2d7\" data-element_type=\"widget\" data-widget_type=\"heading.default\">\n\t\t\t\t<div class=\"elementor-widget-container\">\n\t\t\t<h5 class=\"elementor-heading-title elementor-size-default\">La tecnolog\u00eda patentada de Hydrolyca revoluciona la producci\u00f3n de energ\u00eda: hidr\u00f3geno verde como alternativa real a los combustibles f\u00f3siles.<\/h5>\t\t<\/div>\n\t\t\t\t<\/div>\n\t\t\t\t<\/div>\n\t\t<div class=\"elementor-element elementor-element-85516cc e-flex e-con-boxed e-con e-parent\" data-id=\"85516cc\" data-element_type=\"container\">\n\t\t\t\t\t<div class=\"e-con-inner\">\n\t\t\t\t\t<\/div>\n\t\t\t\t<\/div>\n\t\t\t\t<\/div>\n\t\t","protected":false},"excerpt":{"rendered":"<p>Inicio Nosotros Hydrolyca: la nueva era del hidr\u00f3geno verde Thomas Edison no invent\u00f3 la bombilla, pero revolucion\u00f3 la iluminaci\u00f3n y cambi\u00f3 el mundo al perfeccionar el dise\u00f1o de Warren de la Rue. En el proceso, cre\u00f3 una de las empresas m\u00e1s grandes de todos los tiempos: General Electric. Al igual que Edison, los cient\u00edficos de&#8230;<\/p>\n","protected":false},"author":1,"featured_media":0,"parent":0,"menu_order":0,"comment_status":"closed","ping_status":"closed","template":"","meta":{"footnotes":""},"class_list":["post-4240","page","type-page","status-publish","hentry"],"_links":{"self":[{"href":"https:\/\/hydrolyca.com\/es\/wp-json\/wp\/v2\/pages\/4240","targetHints":{"allow":["GET"]}}],"collection":[{"href":"https:\/\/hydrolyca.com\/es\/wp-json\/wp\/v2\/pages"}],"about":[{"href":"https:\/\/hydrolyca.com\/es\/wp-json\/wp\/v2\/types\/page"}],"author":[{"embeddable":true,"href":"https:\/\/hydrolyca.com\/es\/wp-json\/wp\/v2\/users\/1"}],"replies":[{"embeddable":true,"href":"https:\/\/hydrolyca.com\/es\/wp-json\/wp\/v2\/comments?post=4240"}],"version-history":[{"count":224,"href":"https:\/\/hydrolyca.com\/es\/wp-json\/wp\/v2\/pages\/4240\/revisions"}],"predecessor-version":[{"id":6448,"href":"https:\/\/hydrolyca.com\/es\/wp-json\/wp\/v2\/pages\/4240\/revisions\/6448"}],"wp:attachment":[{"href":"https:\/\/hydrolyca.com\/es\/wp-json\/wp\/v2\/media?parent=4240"}],"curies":[{"name":"wp","href":"https:\/\/api.w.org\/{rel}","templated":true}]}}