{"id":4500,"date":"2024-07-21T12:23:28","date_gmt":"2024-07-21T10:23:28","guid":{"rendered":"https:\/\/hydrolyca.com\/?page_id=4500"},"modified":"2024-08-28T11:07:59","modified_gmt":"2024-08-28T09:07:59","slug":"aviso-legal","status":"publish","type":"page","link":"https:\/\/hydrolyca.com\/es\/aviso-legal\/","title":{"rendered":"Aviso legal"},"content":{"rendered":"\t\t<div data-elementor-type=\"wp-page\" data-elementor-id=\"4500\" class=\"elementor elementor-4500\">\n\t\t\t\t<div class=\"elementor-element elementor-element-4835c96 e-flex e-con-boxed e-con e-parent\" data-id=\"4835c96\" data-element_type=\"container\">\n\t\t\t\t\t<div class=\"e-con-inner\">\n\t\t\t\t<div class=\"elementor-element elementor-element-6751e66 animated-fast elementor-invisible elementor-widget elementor-widget-neuron-breadcrumbs\" data-id=\"6751e66\" data-element_type=\"widget\" data-settings=\"{&quot;_animation&quot;:&quot;h-neuron-animation--slideUp&quot;}\" data-widget_type=\"neuron-breadcrumbs.default\">\n\t\t\t\t<div class=\"elementor-widget-container\">\n\t\t\t\r\n\t\t\t<div class=\"m-neuron-breadcrumbs\" aria-label=\"You are here:\">\r\n\t\t\t\t<span class=\"m-neuron-breadcrumbs__item\"><a href=\"\/\">Inicio<\/a><\/span> <span class=\"m-neuron-breadcrumbs__separator\"> <\/span> <span class=\"m-neuron-breadcrumbs__item\" aria-current=\"page\">Aviso legal<\/span>\t\t\t<\/div>\r\n\r\n\t\t   \t\t<\/div>\n\t\t\t\t<\/div>\n\t\t\t\t<div class=\"elementor-element elementor-element-391103f elementor-widget elementor-widget-heading\" data-id=\"391103f\" data-element_type=\"widget\" data-widget_type=\"heading.default\">\n\t\t\t\t<div class=\"elementor-widget-container\">\n\t\t\t<style>\/*! elementor - v3.23.0 - 05-08-2024 *\/\n.elementor-heading-title{padding:0;margin:0;line-height:1}.elementor-widget-heading .elementor-heading-title[class*=elementor-size-]>a{color:inherit;font-size:inherit;line-height:inherit}.elementor-widget-heading .elementor-heading-title.elementor-size-small{font-size:15px}.elementor-widget-heading .elementor-heading-title.elementor-size-medium{font-size:19px}.elementor-widget-heading .elementor-heading-title.elementor-size-large{font-size:29px}.elementor-widget-heading .elementor-heading-title.elementor-size-xl{font-size:39px}.elementor-widget-heading .elementor-heading-title.elementor-size-xxl{font-size:59px}<\/style><h5 class=\"elementor-heading-title elementor-size-default\">Aviso Legal<\/h5>\t\t<\/div>\n\t\t\t\t<\/div>\n\t\t\t\t\t<\/div>\n\t\t\t\t<\/div>\n\t\t<div class=\"elementor-element elementor-element-7a8ad048 e-flex e-con-boxed e-con e-parent\" data-id=\"7a8ad048\" data-element_type=\"container\">\n\t\t\t\t\t<div class=\"e-con-inner\">\n\t\t\t\t<div class=\"elementor-element elementor-element-9afdaf8 elementor-widget elementor-widget-text-editor\" data-id=\"9afdaf8\" data-element_type=\"widget\" data-widget_type=\"text-editor.default\">\n\t\t\t\t<div class=\"elementor-widget-container\">\n\t\t\t<style>\/*! elementor - v3.23.0 - 05-08-2024 *\/\n.elementor-widget-text-editor.elementor-drop-cap-view-stacked .elementor-drop-cap{background-color:#69727d;color:#fff}.elementor-widget-text-editor.elementor-drop-cap-view-framed .elementor-drop-cap{color:#69727d;border:3px solid;background-color:transparent}.elementor-widget-text-editor:not(.elementor-drop-cap-view-default) .elementor-drop-cap{margin-top:8px}.elementor-widget-text-editor:not(.elementor-drop-cap-view-default) .elementor-drop-cap-letter{width:1em;height:1em}.elementor-widget-text-editor .elementor-drop-cap{float:left;text-align:center;line-height:1;font-size:50px}.elementor-widget-text-editor .elementor-drop-cap-letter{display:inline-block}<\/style>\t\t\t\t<p><strong>1. INFORMACI\u00d3N CORPORATIVA<\/strong><\/p><p>En cumplimiento de la (LSSI-CE) Ley 34\/2002, de 11 de julio, de Servicios de la Sociedad de la Informaci\u00f3n y de Comercio Electr\u00f3nico, HYDROLYCA ENERGY SYSTEMS S.L. (en adelante el ADMINISTRADOR) le informa que es titular del sitio web: https:\/\/www.hydrolyca.es.<\/p><p>De acuerdo con la exigencia del art\u00edculo 10 de la mencionada Ley LSSI, el ADMINISTRADOR de la p\u00e1gina web, le notifica los siguientes datos:<\/p><p>&#8211; <strong>Denominaci\u00f3n social<\/strong>:\u00a0 HYDROLYCA ENERGY SYSTEMS S.L.<br \/>&#8211; <strong>Nombre comercial<\/strong>: HYDROLYCA<br \/>&#8211; <strong>CIF<\/strong>: B56613128<br \/>&#8211; <strong>Domicilio social<\/strong>: C\/ Luis Vives 6, 1\u00ba D, Madrid, Espa\u00f1a<br \/>&#8211; <strong>Email de contacto<\/strong>: pd@hydrolyca.es<\/p><p>A trav\u00e9s de su sitio web el ADMINISTRADOR de la p\u00e1gina web proporciona informaci\u00f3n sobre sus productos y servicios.<\/p><p><strong>\u00a0<\/strong><\/p><p><strong>2. USUARIO Y R\u00c9GIMEN DE RESPONSABILIDADES<\/strong><\/p><p>La navegaci\u00f3n por acceso y uso del sitio web del ADMINISTRADOR de la p\u00e1gina web otorga la condici\u00f3n de USUARIO, por la que se aceptan todas las condiciones de uso que se establecen aqu\u00ed sin perjudicar en la aplicaci\u00f3n de la correspondiente normativa de obligado cumplimiento legal, seg\u00fan el caso.<\/p><p>La p\u00e1gina web del ADMINISTRADOR proporciona gran diversidad de informaci\u00f3n, servicios y datos. El USUARIO asume su responsabilidad en el uso correcto del sitio web. Esta responsabilidad se extender\u00e1 a la veracidad y licitud de las informaciones aportadas por el USUARIO en los formularios emitidos por el ADMINISTRADOR para acceder a determinados contenidos o servicios ofrecidos por la p\u00e1gina web.<\/p><p>El USUARIO se abstendr\u00e1 de utilizar cualquiera de los contenidos con fines o efectos il\u00edcitos, prohibidos en este texto, lesivos de los derechos e intereses de terceros, o que de cualquier forma puedan da\u00f1ar, inutilizar, sobrecargar, deteriorar o impedir la normal utilizaci\u00f3n de los contenidos de esta web, otros USUARIOS o de cualquier USUARIO de Internet (hardware y software).<\/p><p>El USUARIO responder\u00e1 por los da\u00f1os y perjuicios de toda naturaleza que la empresa propietaria de la web pueda sufrir, directa o indirectamente, como consecuencia del incumplimiento de cualquiera de las obligaciones derivadas del uso de la Web y de esta pol\u00edtica de privacidad.<\/p><p>En particular y, a t\u00edtulo meramente indicativo y no exhaustivo, el USUARIO se compromete a no transmitir, difundir o poner a disposici\u00f3n de terceros informaciones, datos, contenidos, mensajes, gr\u00e1ficos, dibujos, archivos de sonido y\/o imagen o fotograf\u00edas de la web.<\/p><p><strong>\u00a0<\/strong><\/p><p><strong>3. POL\u00cdTICA DE ENLACES Y EXENCIONES DE RESPONSABILIDAD<\/strong><\/p><p>El ADMINISTRADOR no se hace responsable del contenido de las p\u00e1ginas web a las que pueda acceder el USUARIO a trav\u00e9s de los enlaces establecidos en sus sitios web y declara que en ning\u00fan caso examinar\u00e1 ni ejercitar\u00e1 ning\u00fan tipo de control sobre el contenido de otras p\u00e1ginas de la red.<\/p><p>As\u00ed mismo, tampoco garantiza la disponibilidad t\u00e9cnica, exactitud, veracidad, validez o legalidad de p\u00e1ginas ajenas a su propiedad a las que se pueda acceder a trav\u00e9s de los enlaces.<\/p><p>El ADMINISTRADOR declara que ha adoptado todas las medidas necesarias para evitar cualquier da\u00f1o que pueda derivarse de la navegaci\u00f3n por sus p\u00e1ginas web. En consecuencia, el ADMINISTRADOR de la p\u00e1gina web no se hace responsable, en ning\u00fan caso, de los eventuales da\u00f1os que pueda sufrir el USUARIO a causa de la navegaci\u00f3n por Internet.<\/p><p>El ADMINISTRADOR de la p\u00e1gina web no se responsabiliza de los da\u00f1os o perjuicios de cualquier tipo, producidos en el USUARIO que conlleven causa de fallos o desconexiones en las redes de telecomunicaciones que produzcan la suspensi\u00f3n, cancelaci\u00f3n, instalaci\u00f3n o interrupci\u00f3n del servicio de la web durante la prestaci\u00f3n del mismo o con car\u00e1cter previo.<\/p><p>El acceso a la web no implica la obligaci\u00f3n por parte de la empresa de controlar la ausencia de virus o cualquier otro elemento inform\u00e1tico da\u00f1ino. Corresponde al USUARIO, en todo caso, la disponibilidad de herramientas adecuadas para la detecci\u00f3n y desinfecci\u00f3n de programas inform\u00e1ticos da\u00f1inos.<\/p><p>El ADMINISTRADOR de la p\u00e1gina web no se responsabiliza de los da\u00f1os producidos en los equipos inform\u00e1ticos, documentos y\/o ficheros de los USUARIOS o de terceros durante la prestaci\u00f3n del servicio en el Portal.<\/p><p>El ADMINISTRADOR excluye, hasta donde permite el ordenamiento jur\u00eddico, cualquier responsabilidad por los da\u00f1os y perjuicios de toda naturaleza derivados por el incumplimiento de las leyes, la buena fe, el orden p\u00fablico, los usos del tr\u00e1fico y el presente aviso legal como consecuencia del uso incorrecto del sitio web. En particular, y a modo ejemplificativo, el ADMINISTRADOR no se hace responsable de las actuaciones de terceros que vulneren derechos de propiedad intelectual e industrial, secretos empresariales, derechos al honor, a la intimidad personal, familiar y a la propia imagen, as\u00ed como la normativa en materia de competencia desleal y publicidad il\u00edcita.<\/p><p><strong>\u00a0<\/strong><\/p><p><strong>4. MODIFICACIONES<\/strong><\/p><p>El ADMINISTRADOR se reserva el derecho a realizar las modificaciones que considere oportunas, sin previo aviso, en el contenido del sitio web, tanto en los contenidos del sitio web como por sus condiciones de uso o por las condiciones generales de contrataci\u00f3n. Dichas modificaciones podr\u00e1n realizarse a trav\u00e9s de su sitio web, de cualquier forma admisible en derecho y ser\u00e1n de obligado cumplimiento durante el tiempo que est\u00e9n publicadas en la web y hasta que no sean modificadas por otras posteriores.<\/p><p><strong>\u00a0<\/strong><\/p><p><strong>5. POL\u00cdTICAS DE COOKIES<\/strong><\/p><p>El ADMINISTRADOR se reserva el derecho a utilizar cookies en la navegaci\u00f3n del USUARIO por sus sitios web para facilitar la personalizaci\u00f3n y comodidad de la navegaci\u00f3n. Siguiendo la pol\u00edtica de protecci\u00f3n de datos de la empresa, el ADMINISTRADOR de la p\u00e1gina web informa que las cookies se asocian al USUARIO y a su ordenador y no proporcionan por s\u00ed mismas ni el nombre ni los apellidos del USUARIO.<\/p><p>El USUARIO tiene la posibilidad de configurar su navegador de manera que sea informado de la recepci\u00f3n de cookies, pudiendo, si as\u00ed lo desea, impedir que se instalen en su disco duro. Sin embargo, para acceder a la p\u00e1gina web del ADMINISTRADOR no es preceptiva la instalaci\u00f3n de cookies.<\/p><p>Ver <a href=\"\/politica-cookies\"><u>Pol\u00edtica de Cookies<\/u><\/a><\/p><p><strong>\u00a0<\/strong><\/p><p><strong>6. PROTECCI\u00d3N DE DATOS<\/strong><\/p><p>Informamos a nuestros USUARIOS acerca de la Pol\u00edtica de Privacidad que aplicar\u00e1 en el tratamiento de los Datos de Car\u00e1cter Personal.<\/p><p>Esta pol\u00edtica de privacidad est\u00e1 adaptada a la normativa espa\u00f1ola y europea vigente en materia de protecci\u00f3n de datos personales en Internet y respeta las siguientes normas:<\/p><p>&#8211; El Reglamento (UE) 2016\/679 del Parlamento Europeo y del Consejo, de 27 de abril de 2016, relativo a la protecci\u00f3n de las personas f\u00edsicas en lo que respecta al tratamiento de datos personales y a la libre circulaci\u00f3n de estos datos (RGPD).<\/p><p>&#8211; La Ley Org\u00e1nica 15\/1999, de 13 de diciembre, de Protecci\u00f3n de Datos de Car\u00e1cter Personal (LOPD).<\/p><p>&#8211; El Real Decreto 1720\/2007, de 21 de diciembre, por el que se aprueba el Reglamento de desarrollo de la Ley Org\u00e1nica 15\/1999, de 13 de diciembre, de Protecci\u00f3n de Datos de Car\u00e1cter Personal (RDLOPD).<\/p><p>&#8211; La Ley 34\/2002, de 11 de julio, de Servicios de la Sociedad de la Informaci\u00f3n y de Comercio Electr\u00f3nico (LSSI-CE).<\/p><p>Seg\u00fan el nuevo reglamento se entiende por \u00abdatos personales\u00bb: toda informaci\u00f3n sobre una persona f\u00edsica identificada o identificable (\u00abel interesado\u00bb); se considerar\u00e1 persona f\u00edsica identificable toda persona cuya identidad pueda determinarse, directa o indirectamente, en particular mediante un identificador, como por ejemplo un nombre, un n\u00famero de identificaci\u00f3n, datos de localizaci\u00f3n, un identificador en l\u00ednea o uno o varios elementos propios de la identidad f\u00edsica, fisiol\u00f3gica, gen\u00e9tica, ps\u00edquica, econ\u00f3mica, cultural o social de dicha persona.<\/p><p>Ver <a href=\"\/politica-privacidad\"><u>Pol\u00edtica de Privacidad<\/u><\/a><\/p><p><strong>\u00a0<\/strong><\/p><p><strong>7. PROPIEDAD INTELECTUAL<\/strong><\/p><p>Los derechos de propiedad intelectual e industrial derivados de todos los textos, im\u00e1genes, as\u00ed como de los medios y formas de presentaci\u00f3n y montaje de sus p\u00e1ginas, pertenecen por s\u00ed mismos o como cesionaria, al ADMINISTRADOR de la p\u00e1gina web. Ser\u00e1n, por tanto, obras protegidas con propiedad intelectual por el ordenamiento jur\u00eddico espa\u00f1ol y se les podr\u00e1 aplicar tanto la normativa espa\u00f1ola y comunitaria en este campo, como los tratados internacionales relativos a la materia y suscritos por Espa\u00f1a.<\/p><p>Todos los derechos reservados. En cumplimiento de la Ley de la Propiedad Intelectual se proh\u00edbe expresamente la reproducci\u00f3n, distribuci\u00f3n, comunicaci\u00f3n p\u00fablica y utilizaci\u00f3n de la totalidad o parte de los contenidos de sus p\u00e1ginas web sin el consentimiento expl\u00edcito del ADMINISTRADOR de la p\u00e1gina web.<\/p><p>De igual manera, el ADMINISTRADOR se reserva la facultad de presentar las acciones civiles o penales que considere oportunas por la utilizaci\u00f3n indebida de sus p\u00e1ginas web y contenidos, o por el incumplimiento de estas condiciones.<\/p><p>El USUARIO se compromete a abstenerse de reproducir, copiar, distribuir, poner a disposici\u00f3n o de cualquier otra forma comunicar p\u00fablicamente, transformar o modificar los contenidos, a menos que se cuente con la autorizaci\u00f3n del titular de los correspondientes derechos o ello resulte legalmente permitido.<\/p><p><strong>\u00a0<\/strong><\/p><p><strong>8. DERECHO DE EXCLUSI\u00d3N<\/strong><\/p><p>El ADMINISTRADOR se reserva el derecho a denegar o retirar el acceso a la web y\/o los servicios ofrecidos sin necesidad de preaviso, a instancia propia o de un tercero, a aquellos usuarios que incumplan las presentes condiciones del uso de la web.<\/p><p><strong>\u00a0<\/strong><\/p><p><strong>9. <\/strong><strong>ACCIONES LEGALES, LEGISLACI\u00d3N APLICABLE Y JURISDICCI\u00d3N<\/strong><\/p><p>La relaci\u00f3n entre el USUARIO y el ADMINISTRADOR de la p\u00e1gina web se regir\u00e1 por la normativa espa\u00f1ola vigente y ser\u00e1n competentes para decidir sobre cualquier controversia que pueda surgir entre el USUARIO y el ADMINISTRADOR.<\/p><p>Las presentes condiciones de acceso quedan sujetas a la ordenaci\u00f3n jur\u00eddica espa\u00f1ola. Para la resoluci\u00f3n de cualquier conflicto que pudiera derivarse del acceso a la p\u00e1gina web, el USUARIO y ADMINISTRADOR, acuerdan someterse expresamente a los juzgados y tribunales de la ciudad de Madrid, con renuncia a cualquier otro fuero general o especial que les pudiera corresponder.<\/p>\t\t\t\t\t\t<\/div>\n\t\t\t\t<\/div>\n\t\t\t\t\t<\/div>\n\t\t\t\t<\/div>\n\t\t\t\t<\/div>\n\t\t","protected":false},"excerpt":{"rendered":"<p>Inicio Aviso legal Aviso Legal 1. INFORMACI\u00d3N CORPORATIVA En cumplimiento de la (LSSI-CE) Ley 34\/2002, de 11 de julio, de Servicios de la Sociedad de la Informaci\u00f3n y de Comercio Electr\u00f3nico, HYDROLYCA ENERGY SYSTEMS S.L. (en adelante el ADMINISTRADOR) le informa que es titular del sitio web: https:\/\/www.hydrolyca.es. De acuerdo con la exigencia del art\u00edculo&#8230;<\/p>\n","protected":false},"author":1,"featured_media":0,"parent":0,"menu_order":0,"comment_status":"closed","ping_status":"closed","template":"","meta":{"footnotes":""},"class_list":["post-4500","page","type-page","status-publish","hentry"],"_links":{"self":[{"href":"https:\/\/hydrolyca.com\/es\/wp-json\/wp\/v2\/pages\/4500","targetHints":{"allow":["GET"]}}],"collection":[{"href":"https:\/\/hydrolyca.com\/es\/wp-json\/wp\/v2\/pages"}],"about":[{"href":"https:\/\/hydrolyca.com\/es\/wp-json\/wp\/v2\/types\/page"}],"author":[{"embeddable":true,"href":"https:\/\/hydrolyca.com\/es\/wp-json\/wp\/v2\/users\/1"}],"replies":[{"embeddable":true,"href":"https:\/\/hydrolyca.com\/es\/wp-json\/wp\/v2\/comments?post=4500"}],"version-history":[{"count":82,"href":"https:\/\/hydrolyca.com\/es\/wp-json\/wp\/v2\/pages\/4500\/revisions"}],"predecessor-version":[{"id":6346,"href":"https:\/\/hydrolyca.com\/es\/wp-json\/wp\/v2\/pages\/4500\/revisions\/6346"}],"wp:attachment":[{"href":"https:\/\/hydrolyca.com\/es\/wp-json\/wp\/v2\/media?parent=4500"}],"curies":[{"name":"wp","href":"https:\/\/api.w.org\/{rel}","templated":true}]}}