{"id":4542,"date":"2024-07-21T12:39:48","date_gmt":"2024-07-21T10:39:48","guid":{"rendered":"https:\/\/hydrolyca.com\/?page_id=4542"},"modified":"2024-08-23T00:33:36","modified_gmt":"2024-08-22T22:33:36","slug":"politica-cookies","status":"publish","type":"page","link":"https:\/\/hydrolyca.com\/es\/politica-cookies\/","title":{"rendered":"Pol\u00edtica de cookies"},"content":{"rendered":"\t\t<div data-elementor-type=\"wp-page\" data-elementor-id=\"4542\" class=\"elementor elementor-4542\">\n\t\t\t\t<div class=\"elementor-element elementor-element-4835c96 e-flex e-con-boxed e-con e-parent\" data-id=\"4835c96\" data-element_type=\"container\">\n\t\t\t\t\t<div class=\"e-con-inner\">\n\t\t\t\t<div class=\"elementor-element elementor-element-6751e66 animated-fast elementor-invisible elementor-widget elementor-widget-neuron-breadcrumbs\" data-id=\"6751e66\" data-element_type=\"widget\" data-settings=\"{&quot;_animation&quot;:&quot;h-neuron-animation--slideUp&quot;}\" data-widget_type=\"neuron-breadcrumbs.default\">\n\t\t\t\t<div class=\"elementor-widget-container\">\n\t\t\t\r\n\t\t\t<div class=\"m-neuron-breadcrumbs\" aria-label=\"You are here:\">\r\n\t\t\t\t<span class=\"m-neuron-breadcrumbs__item\"><a href=\"\/\">Inicio<\/a><\/span> <span class=\"m-neuron-breadcrumbs__separator\"> <\/span> <span class=\"m-neuron-breadcrumbs__item\" aria-current=\"page\">Pol\u00edtica de cookies<\/span>\t\t\t<\/div>\r\n\r\n\t\t   \t\t<\/div>\n\t\t\t\t<\/div>\n\t\t\t\t<div class=\"elementor-element elementor-element-391103f elementor-widget elementor-widget-heading\" data-id=\"391103f\" data-element_type=\"widget\" data-widget_type=\"heading.default\">\n\t\t\t\t<div class=\"elementor-widget-container\">\n\t\t\t<style>\/*! elementor - v3.23.0 - 05-08-2024 *\/\n.elementor-heading-title{padding:0;margin:0;line-height:1}.elementor-widget-heading .elementor-heading-title[class*=elementor-size-]>a{color:inherit;font-size:inherit;line-height:inherit}.elementor-widget-heading .elementor-heading-title.elementor-size-small{font-size:15px}.elementor-widget-heading .elementor-heading-title.elementor-size-medium{font-size:19px}.elementor-widget-heading .elementor-heading-title.elementor-size-large{font-size:29px}.elementor-widget-heading .elementor-heading-title.elementor-size-xl{font-size:39px}.elementor-widget-heading .elementor-heading-title.elementor-size-xxl{font-size:59px}<\/style><h5 class=\"elementor-heading-title elementor-size-default\">Pol\u00edtica de cookies<\/h5>\t\t<\/div>\n\t\t\t\t<\/div>\n\t\t\t\t\t<\/div>\n\t\t\t\t<\/div>\n\t\t<div class=\"elementor-element elementor-element-7a8ad048 e-flex e-con-boxed e-con e-parent\" data-id=\"7a8ad048\" data-element_type=\"container\">\n\t\t\t\t\t<div class=\"e-con-inner\">\n\t\t\t\t<div class=\"elementor-element elementor-element-9afdaf8 elementor-widget elementor-widget-text-editor\" data-id=\"9afdaf8\" data-element_type=\"widget\" data-widget_type=\"text-editor.default\">\n\t\t\t\t<div class=\"elementor-widget-container\">\n\t\t\t<style>\/*! elementor - v3.23.0 - 05-08-2024 *\/\n.elementor-widget-text-editor.elementor-drop-cap-view-stacked .elementor-drop-cap{background-color:#69727d;color:#fff}.elementor-widget-text-editor.elementor-drop-cap-view-framed .elementor-drop-cap{color:#69727d;border:3px solid;background-color:transparent}.elementor-widget-text-editor:not(.elementor-drop-cap-view-default) .elementor-drop-cap{margin-top:8px}.elementor-widget-text-editor:not(.elementor-drop-cap-view-default) .elementor-drop-cap-letter{width:1em;height:1em}.elementor-widget-text-editor .elementor-drop-cap{float:left;text-align:center;line-height:1;font-size:50px}.elementor-widget-text-editor .elementor-drop-cap-letter{display:inline-block}<\/style>\t\t\t\t<p>Hydrolyca Energy Systems, S.L. utiliza cookies para mejorar y optimizar la experiencia del usuario con nuestro contenido y para poder crear estad\u00edsticas de las visitas que recibimos.<\/p><p>Esta p\u00e1gina explica qu\u00e9 son las cookies y los tipos de cookies que usamos, es decir, la informaci\u00f3n que recopilamos usando cookies y c\u00f3mo se usa esa informaci\u00f3n, y c\u00f3mo controlar las preferencias de cookies.<\/p><p>Para obtener m\u00e1s informaci\u00f3n sobre c\u00f3mo usamos, almacenamos y mantenemos seguros sus datos personales, consulte nuestra <a href=\"\/politica-privacidad\"><u>Pol\u00edtica de privacidad<\/u><\/a>.<\/p><p>\u00a0<\/p><p><strong>\u00bfQU\u00c9 SON LAS COOKIES?<\/strong><\/p><p>Las cookies son peque\u00f1os archivos de texto que se utilizan para almacenar peque\u00f1os fragmentos de informaci\u00f3n. Se almacenan en su dispositivo cuando el sitio web se carga en su navegador. Estas cookies nos ayudan a hacer que el sitio web funcione correctamente, hacerlo m\u00e1s seguro, brindar una mejor experiencia al usuario, comprender c\u00f3mo funciona el sitio web y analizar qu\u00e9 funciona y d\u00f3nde necesita mejoras.<\/p><p>\u00a0<\/p><p><strong>\u00bfQU\u00c9 TIPOS DE COOKIES UTILIZA ESTE SITIO WEB?<\/strong><\/p><p><strong> &#8211; Cookies t\u00e9cnicamente necesarias.<\/strong> Incluye las cookies que son clave para el funcionamiento de nuestra web. Son aquellas cookies necesarias para prestar el servicio solicitado, as\u00ed como para recordar las preferencias de configuraci\u00f3n.<\/p><p><strong>&#8211; Cookies anal\u00edticas. <\/strong>Las cookies anal\u00edticas se utilizan para comprender c\u00f3mo los visitantes interact\u00faan con el sitio web. Estas cookies ayudan a proporcionar informaci\u00f3n sobre m\u00e9tricas, el n\u00famero de visitantes, la tasa de rebote, la fuente de tr\u00e1fico, etc.<\/p><p><strong>&#8211; Cookies de rendimiento.<\/strong> Las cookies de rendimiento se utilizan para comprender y analizar los \u00edndices de rendimiento clave del sitio web, lo que ayuda a brindar una mejor experiencia de usuario a los visitantes.<\/p><p><strong>&#8211; Cookies necesarias. <\/strong>Las cookies necesarias son cruciales para las funciones b\u00e1sicas del sitio web y el sitio web no funcionar\u00e1 de la forma prevista sin ellas. Estas cookies no almacenan ning\u00fan dato de identificaci\u00f3n personal.<\/p><table width=\"621\"><tbody><tr><td width=\"138\"><strong>Cookies<\/strong><\/td><td width=\"79\"><strong>Duraci\u00f3n<\/strong><\/td><td width=\"404\"><strong>Descripci\u00f3n<\/strong><\/td><\/tr><tr><td width=\"138\">_GRECAPTCHA<\/td><td width=\"79\">5 meses 27 d\u00edas<\/td><td width=\"404\">El servicio Recaptcha de Google establece esta cookie para identificar bots y proteger el sitio web contra ataques de spam malintencionados.<\/td><\/tr><tr><td width=\"138\">PHPSESSID<\/td><td width=\"79\">sesi\u00f3n<\/td><td width=\"404\">Esta cookie es originaria de las aplicaciones PHP. La cookie almacena e identifica el ID de sesi\u00f3n \u00fanico de un usuario para gestionar las sesiones de los usuarios en el sitio web. La cookie es de sesi\u00f3n y se borrar\u00e1 cuando se cierren todas las ventanas del navegador.<\/td><\/tr><tr><td width=\"138\">cookieyes-consent<\/td><td width=\"79\">1 a\u00f1o<\/td><td width=\"404\">CookieYes establece esta cookie para recordar las preferencias de consentimiento de los usuarios, de modo que se respeten sus preferencias en las siguientes visitas a este sitio. No recoge ni almacena ninguna informaci\u00f3n personal sobre los visitantes del sitio.<\/td><\/tr><\/tbody><\/table><p><strong>&#8211; Cookies anal\u00edticas. <\/strong>Las cookies anal\u00edticas se utilizan para comprender c\u00f3mo interact\u00faan los visitantes con el sitio web. Estas cookies ayudan a proporcionar informaci\u00f3n sobre m\u00e9tricas del n\u00famero de visitantes, el porcentaje de rebote, la fuente de tr\u00e1fico, etc.<\/p><table width=\"621\"><tbody><tr><td width=\"138\"><strong>Cookies<\/strong><\/td><td width=\"79\"><strong>Duraci\u00f3n<\/strong><\/td><td width=\"404\"><strong>Descripci\u00f3n<\/strong><\/td><\/tr><tr><td width=\"138\">prism_*<\/td><td width=\"79\">1 mes<\/td><td width=\"404\">MailChimp establece esta cookie para rastrear y almacenar interacciones.<\/td><\/tr><\/tbody><\/table><p><strong>&#8211; Cookies de rendimiento. <\/strong>Las cookies de rendimiento se utilizan para comprender y analizar los \u00edndices de rendimiento clave del sitio web, lo que ayuda a proporcionar una mejor experiencia de usuario para los visitantes.<\/p><table width=\"621\"><tbody><tr><td width=\"138\"><strong>Cookies<\/strong><\/td><td width=\"79\"><strong>Duraci\u00f3n<\/strong><\/td><td width=\"404\"><strong>Descripci\u00f3n<\/strong><\/td><\/tr><tr><td width=\"138\">ac_enable_tracking<\/td><td width=\"79\">1 mes<\/td><td width=\"404\">Esta cookie es establecida por MailChimp para indicar que el tr\u00e1fico est\u00e1 habilitado para el sitio web.<\/td><\/tr><\/tbody><\/table><p><strong>&#8211; Cookies no categorizadas. <\/strong>Otras cookies no categorizadas son las que se est\u00e1n analizando y a\u00fan no se han clasificado en una categor\u00eda.<\/p><table width=\"621\"><tbody><tr><td width=\"167\"><strong>Cookies<\/strong><\/td><td width=\"81\"><strong>Duraci\u00f3n<\/strong><\/td><td width=\"373\"><strong>Descripci\u00f3n<\/strong><\/td><\/tr><tr><td width=\"167\">breakdance_view_count<\/td><td width=\"81\">sesi\u00f3n<\/td><td width=\"373\">La descripci\u00f3n no se encuentra disponible actualmente.<\/td><\/tr><tr><td width=\"167\">breakdance_session_count<\/td><td width=\"81\">sesi\u00f3n<\/td><td width=\"373\">La descripci\u00f3n no se encuentra disponible actualmente.<\/td><\/tr><tr><td width=\"167\">breakdance_last_session_id<\/td><td width=\"81\">sesi\u00f3n<\/td><td width=\"373\">La descripci\u00f3n no se encuentra disponible actualmente.<\/td><\/tr><\/tbody><\/table><p>En ning\u00fan caso obtenemos informaci\u00f3n sobre los datos personales del usuario, garantizando la tutela de la privacidad de las personas que navegan por la web.<\/p><p>\u00a0<\/p><p><strong>CONSENTIMIENTO Y AUTORIZACI\u00d3N PARA EL USO DE COOKIES<\/strong><\/p><p>Al acceder a este sitio web por primera vez, ver\u00e1 un espacio o banner donde se le informa de la utilizaci\u00f3n de las cookies y donde puede consultar esta pol\u00edtica de cookies mediante un link. Si usted consiente la utilizaci\u00f3n de cookies, contin\u00faa navegando haciendo uso de la barra de desplazamiento o scroll o hace clic en alg\u00fan link (aceptar) seg\u00fan proceda, se entender\u00e1 que usted ha consentido nuestra pol\u00edtica de cookies y, por tanto, la aceptaci\u00f3n para la instalaci\u00f3n de las mismas en su equipo o dispositivo, excepto en la medida que haya modificado la configuraci\u00f3n de su navegador para rechazar la utilizaci\u00f3n de las mismas.<\/p><p>\u00a0<\/p><p><strong>\u00bfC\u00d3MO DESACTIVAR NUESTRAS COOKIES (O CUALESQUIERA OTRAS)?<\/strong><\/p><p>Aunque la mayor\u00eda de los navegadores aceptan cookies de forma autom\u00e1tica, puedes modificar la configuraci\u00f3n de tu navegador para permitir, bloquear o eliminar las cookies instaladas en tu equipo.<\/p><p>\u00bfC\u00f3mo configurar las cookies en <a href=\"https:\/\/support.microsoft.com\/es-es\/windows\/administrar-cookies-en-microsoft-edge-ver-permitir-bloquear-eliminar-y-usar-168dab11-0753-043d-7c16-ede5947fc64d\"><u>Microsoft Edge<\/u><\/a>?<\/p><p>\u00bfC\u00f3mo configurar las cookies en <a href=\"https:\/\/support.google.com\/chrome\/answer\/95647?hl=es&amp;co=GENIE.Platform%3DDesktop&amp;sjid=5159910237292677359-EU\"><u>Google Chrome<\/u><\/a>?<\/p><p>\u00bfC\u00f3mo configurar las cookies en <a href=\"https:\/\/support.mozilla.org\/es\/kb\/cookies-informacion-que-los-sitios-web-guardan-en-#w_configurar-las-cookies\"><u>Firefox<\/u><\/a>?<\/p><p>\u00bfC\u00f3mo configurar las cookies en <a href=\"https:\/\/support.apple.com\/es-es\/guide\/safari\/ibrw850f6c51\/mac\"><u>Safari<\/u><\/a>?<\/p><p><a href=\"https:\/\/support.apple.com\/es-es\/105082\"><u>Safari para iOS<\/u><\/a> (iPhone y iPad)<\/p><p><a href=\"https:\/\/support.google.com\/chrome\/answer\/95647?hl=es&amp;co=GENIE.Platform%3DiOS\"><u>Google Chrome para iOS<\/u><\/a> (iPhone y Ipad)<\/p><p><a href=\"https:\/\/support.google.com\/chrome\/answer\/95647?hl=es&amp;co=GENIE.Platform%3DAndroid&amp;oco=2\"><u>Google Chrome para Android<\/u><\/a><\/p><p>\u00a0<\/p><p><strong>CAMBIOS EN LA POL\u00cdTICA DE PRIVACIDAD \/ COOKIES<\/strong><\/p><p>La web puede modificar esta Pol\u00edtica de Cookies y de privacidad en funci\u00f3n de exigencias legislativas, reglamentarias, o con la finalidad de adaptar dicha pol\u00edtica a las instrucciones dictadas por la Agencia Espa\u00f1ola de Protecci\u00f3n de Datos. Por ello se aconseja a los Usuarios que la visiten peri\u00f3dicamente.<\/p><p>Cuando se produzcan cambios significativos en esta Pol\u00edtica de Cookies, se comunicar\u00e1n a los Usuarios mediante la web <u><a href=\"\/\">www.hydrolyca.es.<\/a><\/u><\/p>\t\t\t\t\t\t<\/div>\n\t\t\t\t<\/div>\n\t\t\t\t\t<\/div>\n\t\t\t\t<\/div>\n\t\t\t\t<\/div>\n\t\t","protected":false},"excerpt":{"rendered":"<p>Inicio Pol\u00edtica de cookies Pol\u00edtica de cookies Hydrolyca Energy Systems, S.L. utiliza cookies para mejorar y optimizar la experiencia del usuario con nuestro contenido y para poder crear estad\u00edsticas de las visitas que recibimos. Esta p\u00e1gina explica qu\u00e9 son las cookies y los tipos de cookies que usamos, es decir, la informaci\u00f3n que recopilamos usando&#8230;<\/p>\n","protected":false},"author":1,"featured_media":0,"parent":0,"menu_order":0,"comment_status":"closed","ping_status":"closed","template":"","meta":{"footnotes":""},"class_list":["post-4542","page","type-page","status-publish","hentry"],"_links":{"self":[{"href":"https:\/\/hydrolyca.com\/es\/wp-json\/wp\/v2\/pages\/4542","targetHints":{"allow":["GET"]}}],"collection":[{"href":"https:\/\/hydrolyca.com\/es\/wp-json\/wp\/v2\/pages"}],"about":[{"href":"https:\/\/hydrolyca.com\/es\/wp-json\/wp\/v2\/types\/page"}],"author":[{"embeddable":true,"href":"https:\/\/hydrolyca.com\/es\/wp-json\/wp\/v2\/users\/1"}],"replies":[{"embeddable":true,"href":"https:\/\/hydrolyca.com\/es\/wp-json\/wp\/v2\/comments?post=4542"}],"version-history":[{"count":73,"href":"https:\/\/hydrolyca.com\/es\/wp-json\/wp\/v2\/pages\/4542\/revisions"}],"predecessor-version":[{"id":6340,"href":"https:\/\/hydrolyca.com\/es\/wp-json\/wp\/v2\/pages\/4542\/revisions\/6340"}],"wp:attachment":[{"href":"https:\/\/hydrolyca.com\/es\/wp-json\/wp\/v2\/media?parent=4542"}],"curies":[{"name":"wp","href":"https:\/\/api.w.org\/{rel}","templated":true}]}}