{"id":4554,"date":"2024-07-21T12:44:42","date_gmt":"2024-07-21T10:44:42","guid":{"rendered":"https:\/\/hydrolyca.com\/?page_id=4554"},"modified":"2024-09-20T06:22:57","modified_gmt":"2024-09-20T04:22:57","slug":"politica-privacidad","status":"publish","type":"page","link":"https:\/\/hydrolyca.com\/es\/politica-privacidad\/","title":{"rendered":"Pol\u00edtica de privacidad"},"content":{"rendered":"\t\t<div data-elementor-type=\"wp-page\" data-elementor-id=\"4554\" class=\"elementor elementor-4554\">\n\t\t\t\t<div class=\"elementor-element elementor-element-4835c96 e-flex e-con-boxed e-con e-parent\" data-id=\"4835c96\" data-element_type=\"container\">\n\t\t\t\t\t<div class=\"e-con-inner\">\n\t\t\t\t<div class=\"elementor-element elementor-element-6751e66 animated-fast elementor-invisible elementor-widget elementor-widget-neuron-breadcrumbs\" data-id=\"6751e66\" data-element_type=\"widget\" data-settings=\"{&quot;_animation&quot;:&quot;h-neuron-animation--slideUp&quot;}\" data-widget_type=\"neuron-breadcrumbs.default\">\n\t\t\t\t<div class=\"elementor-widget-container\">\n\t\t\t\r\n\t\t\t<div class=\"m-neuron-breadcrumbs\" aria-label=\"You are here:\">\r\n\t\t\t\t<span class=\"m-neuron-breadcrumbs__item\"><a href=\"\/\">Inicio<\/a><\/span> <span class=\"m-neuron-breadcrumbs__separator\"> <\/span> <span class=\"m-neuron-breadcrumbs__item\" aria-current=\"page\">Pol\u00edtica de privacidad<\/span>\t\t\t<\/div>\r\n\r\n\t\t   \t\t<\/div>\n\t\t\t\t<\/div>\n\t\t\t\t<div class=\"elementor-element elementor-element-391103f elementor-widget elementor-widget-heading\" data-id=\"391103f\" data-element_type=\"widget\" data-widget_type=\"heading.default\">\n\t\t\t\t<div class=\"elementor-widget-container\">\n\t\t\t<style>\/*! elementor - v3.23.0 - 05-08-2024 *\/\n.elementor-heading-title{padding:0;margin:0;line-height:1}.elementor-widget-heading .elementor-heading-title[class*=elementor-size-]>a{color:inherit;font-size:inherit;line-height:inherit}.elementor-widget-heading .elementor-heading-title.elementor-size-small{font-size:15px}.elementor-widget-heading .elementor-heading-title.elementor-size-medium{font-size:19px}.elementor-widget-heading .elementor-heading-title.elementor-size-large{font-size:29px}.elementor-widget-heading .elementor-heading-title.elementor-size-xl{font-size:39px}.elementor-widget-heading .elementor-heading-title.elementor-size-xxl{font-size:59px}<\/style><h5 class=\"elementor-heading-title elementor-size-default\">Pol\u00edtica de privacidad<br><\/h5>\t\t<\/div>\n\t\t\t\t<\/div>\n\t\t\t\t\t<\/div>\n\t\t\t\t<\/div>\n\t\t<div class=\"elementor-element elementor-element-7a8ad048 e-flex e-con-boxed e-con e-parent\" data-id=\"7a8ad048\" data-element_type=\"container\">\n\t\t\t\t\t<div class=\"e-con-inner\">\n\t\t\t\t<div class=\"elementor-element elementor-element-9afdaf8 elementor-widget elementor-widget-text-editor\" data-id=\"9afdaf8\" data-element_type=\"widget\" data-widget_type=\"text-editor.default\">\n\t\t\t\t<div class=\"elementor-widget-container\">\n\t\t\t<style>\/*! elementor - v3.23.0 - 05-08-2024 *\/\n.elementor-widget-text-editor.elementor-drop-cap-view-stacked .elementor-drop-cap{background-color:#69727d;color:#fff}.elementor-widget-text-editor.elementor-drop-cap-view-framed .elementor-drop-cap{color:#69727d;border:3px solid;background-color:transparent}.elementor-widget-text-editor:not(.elementor-drop-cap-view-default) .elementor-drop-cap{margin-top:8px}.elementor-widget-text-editor:not(.elementor-drop-cap-view-default) .elementor-drop-cap-letter{width:1em;height:1em}.elementor-widget-text-editor .elementor-drop-cap{float:left;text-align:center;line-height:1;font-size:50px}.elementor-widget-text-editor .elementor-drop-cap-letter{display:inline-block}<\/style>\t\t\t\t<p><strong>\u00bfQUI\u00c9N ES EL RESPONSABLE DEL TRATAMIENTO DE SUS DATOS?<\/strong><\/p><p>&#8211; <strong>Denominaci\u00f3n social<\/strong>: Hydrolyca Energy Systems S.L.<\/p><p>&#8211; <strong>CIF<\/strong>: B56613128<\/p><p>&#8211; <strong>Domicilio social<\/strong>: C\/ Luis Vives 6, 1\u00ba D, Madrid, Espa\u00f1a<\/p><p>&#8211; <strong>Email de contacto<\/strong>: pd@hydrolyca.es<\/p><p>\u00a0<\/p><p><strong>\u00bfCON QU\u00c9 FINALIDAD TRATAMOS SUS DATOS PERSONALES?<\/strong><\/p><p>En Hydrolyca tratamos la informaci\u00f3n que nos facilita con la finalidad de realizar la gesti\u00f3n administrativa, contable y fiscal de los servicios solicitados y enviar comunicaciones comerciales sobre nuestros productos y servicios, para lo cual usted ha prestado su consentimiento.<\/p><p>\u00a0<\/p><p><strong>\u00bfCU\u00c1NTO TIEMPO CONSERVAREMOS SUS DATOS?<\/strong><\/p><p>Los datos se conservar\u00e1n mientras se mantenga la relaci\u00f3n comercial y, de ser necesario, durante los a\u00f1os necesarios para cumplir con las obligaciones legales.<\/p><p>\u00a0<\/p><p><strong>\u00bfCU\u00c1L ES LA LEGITIMACI\u00d3N PARA EL TRATAMIENTO DE SUS DATOS?<\/strong><\/p><p>&#8211; Ejecuci\u00f3n de un contrato para la prestaci\u00f3n de servicios solicitados.<\/p><p>&#8211; Consentimiento del interesado para el env\u00edo de comunicaciones comerciales.<\/p><p>\u00a0<\/p><p><strong>\u00bfA QU\u00c9 DESTINO SE COMUNICAR\u00c1N SUS DATOS?<\/strong><\/p><p>Solo se ceder\u00e1n sus datos a terceros para los que recabamos debidamente el consentimiento y para cumplir con las obligaciones legales.<\/p><p>\u00a0<\/p><p><strong>\u00bfQU\u00c9 PASA CON LA TRANSFERENCIA DE DATOS A TERCEROS PA\u00cdSES?<\/strong><\/p><p>Se realizar\u00e1n cesiones de datos a terceros pa\u00edses para los que se haya obtenido debidamente el consentimiento.<\/p><p>\u00a0<\/p><p><strong>\u00bfCU\u00c1LES SON SUS DERECHOS CUANDO NOS FACILITA SUS DATOS?<\/strong><\/p><p>Podr\u00e1 ejercitar los derechos de acceso, rectificaci\u00f3n, supresi\u00f3n, limitaci\u00f3n, portabilidad y oposici\u00f3n en la direcci\u00f3n de correo electr\u00f3nico pd@hydrolyca.com adjuntado copia del DNI.<\/p><p>En cualquier caso, puede dirigirse ante la Agencia Espa\u00f1ola de Protecci\u00f3n de Datos y dem\u00e1s organismos p\u00fablicos competentes para cualquier reclamaci\u00f3n derivada del tratamiento de sus datos personales.<\/p><p>\u00a0<\/p><p><strong>\u00bfC\u00d3MO OBTENEMOS SUS DATOS?<\/strong><\/p><p>Los datos personales que procesamos en Hydrolyca han sido proporcionados directamente por el solicitante. Las categor\u00edas de datos cubiertas son:<\/p><p>&#8211; Datos de identificaci\u00f3n<\/p><p>&#8211; Direcciones postales y electr\u00f3nicas.<\/p><p>&#8211; Informaci\u00f3n comercial.<\/p><p>\u00a0<\/p><p><strong>POL\u00cdTICA DEL FORMULARIO DE CONTACTO<\/strong><\/p><p>En cumplimiento del Reglamento General de Protecci\u00f3n de Datos (UE) 2016\/679 del Parlamento Europeo y del Consejo de 27 de abril de 2016 y la ley org\u00e1nica 3\/2018 de 5 de diciembre de Protecci\u00f3n de Datos Personales y de Garant\u00eda de los Derechos Digitales le informamos que los datos por Vd. proporcionados ser\u00e1n objeto de tratamiento por parte de HYDROLYCA TECNOLOGIES S.L. con CIF: B56613128 y domicilio en C\/ Luis Vives 6, 1\u00ba D, Madrid, Espa\u00f1a, con la finalidad de atender su solicitud de informaci\u00f3n acerca de los servicios prestados por nuestra entidad.<\/p><p>La base legal para el tratamiento de sus datos es el consentimiento por usted prestado en el env\u00edo de su solicitud. Los datos proporcionados se conservar\u00e1n mientras se mantenga la relaci\u00f3n comercial o durante los a\u00f1os necesarios para cumplir con las obligaciones legales. Los datos no se ceder\u00e1n a terceros salvo en los casos en que exista una obligaci\u00f3n legal.<\/p>\t\t\t\t\t\t<\/div>\n\t\t\t\t<\/div>\n\t\t\t\t\t<\/div>\n\t\t\t\t<\/div>\n\t\t\t\t<\/div>\n\t\t","protected":false},"excerpt":{"rendered":"<p>Inicio Pol\u00edtica de privacidad Pol\u00edtica de privacidad \u00bfQUI\u00c9N ES EL RESPONSABLE DEL TRATAMIENTO DE SUS DATOS? &#8211; Denominaci\u00f3n social: Hydrolyca Energy Systems S.L. &#8211; CIF: B56613128 &#8211; Domicilio social: C\/ Luis Vives 6, 1\u00ba D, Madrid, Espa\u00f1a &#8211; Email de contacto: pd@hydrolyca.es \u00a0 \u00bfCON QU\u00c9 FINALIDAD TRATAMOS SUS DATOS PERSONALES? En Hydrolyca tratamos la informaci\u00f3n&#8230;<\/p>\n","protected":false},"author":1,"featured_media":0,"parent":0,"menu_order":0,"comment_status":"closed","ping_status":"closed","template":"","meta":{"footnotes":""},"class_list":["post-4554","page","type-page","status-publish","hentry"],"_links":{"self":[{"href":"https:\/\/hydrolyca.com\/es\/wp-json\/wp\/v2\/pages\/4554","targetHints":{"allow":["GET"]}}],"collection":[{"href":"https:\/\/hydrolyca.com\/es\/wp-json\/wp\/v2\/pages"}],"about":[{"href":"https:\/\/hydrolyca.com\/es\/wp-json\/wp\/v2\/types\/page"}],"author":[{"embeddable":true,"href":"https:\/\/hydrolyca.com\/es\/wp-json\/wp\/v2\/users\/1"}],"replies":[{"embeddable":true,"href":"https:\/\/hydrolyca.com\/es\/wp-json\/wp\/v2\/comments?post=4554"}],"version-history":[{"count":67,"href":"https:\/\/hydrolyca.com\/es\/wp-json\/wp\/v2\/pages\/4554\/revisions"}],"predecessor-version":[{"id":6430,"href":"https:\/\/hydrolyca.com\/es\/wp-json\/wp\/v2\/pages\/4554\/revisions\/6430"}],"wp:attachment":[{"href":"https:\/\/hydrolyca.com\/es\/wp-json\/wp\/v2\/media?parent=4554"}],"curies":[{"name":"wp","href":"https:\/\/api.w.org\/{rel}","templated":true}]}}